{"id":101,"date":"2019-02-24T14:01:14","date_gmt":"2019-02-24T14:01:14","guid":{"rendered":"http:\/\/tierphysio.andreadetjen.de\/?page_id=101"},"modified":"2020-02-14T08:30:21","modified_gmt":"2020-02-14T08:30:21","slug":"vortraege-workshops-seminare","status":"publish","type":"page","link":"https:\/\/tierphysio.andreadetjen.de\/?page_id=101","title":{"rendered":"VORTR\u00c4GE , WORKSHOPS &#038; SEMINARE"},"content":{"rendered":"\t\t<div data-elementor-type=\"wp-post\" data-elementor-id=\"101\" class=\"elementor elementor-101\">\n\t\t\t\t\t\t<div class=\"elementor-inner\">\n\t\t\t\t<div class=\"elementor-section-wrap\">\n\t\t\t\t\t\t\t\t\t<section class=\"elementor-section elementor-top-section elementor-element elementor-element-10554bc elementor-section-boxed elementor-section-height-default elementor-section-height-default\" data-id=\"10554bc\" data-element_type=\"section\">\n\t\t\t\t\t\t<div class=\"elementor-container elementor-column-gap-default\">\n\t\t\t\t\t\t\t<div class=\"elementor-row\">\n\t\t\t\t\t<div class=\"elementor-column elementor-col-100 elementor-top-column elementor-element elementor-element-e461197\" data-id=\"e461197\" data-element_type=\"column\">\n\t\t\t<div class=\"elementor-column-wrap elementor-element-populated\">\n\t\t\t\t\t\t\t<div class=\"elementor-widget-wrap\">\n\t\t\t\t\t\t<div class=\"elementor-element elementor-element-19e5f7d elementor-tabs-view-horizontal elementor-widget elementor-widget-tabs\" data-id=\"19e5f7d\" data-element_type=\"widget\" data-widget_type=\"tabs.default\">\n\t\t\t\t<div class=\"elementor-widget-container\">\n\t\t\t\t\t<div class=\"elementor-tabs\">\n\t\t\t<div class=\"elementor-tabs-wrapper\" role=\"tablist\" >\n\t\t\t\t\t\t\t\t\t<div id=\"elementor-tab-title-2711\" class=\"elementor-tab-title elementor-tab-desktop-title\" aria-selected=\"true\" data-tab=\"1\" role=\"tab\" tabindex=\"0\" aria-controls=\"elementor-tab-content-2711\" aria-expanded=\"false\"><a href=\"\">Seminar -  Einhandrute<\/a><\/div>\n\t\t\t\t\t\t\t\t\t<div id=\"elementor-tab-title-2712\" class=\"elementor-tab-title elementor-tab-desktop-title\" aria-selected=\"false\" data-tab=\"2\" role=\"tab\" tabindex=\"-1\" aria-controls=\"elementor-tab-content-2712\" aria-expanded=\"false\"><a href=\"\">Seminar - Tierkommunikation<\/a><\/div>\n\t\t\t\t\t\t\t\t\t<div id=\"elementor-tab-title-2713\" class=\"elementor-tab-title elementor-tab-desktop-title\" aria-selected=\"false\" data-tab=\"3\" role=\"tab\" tabindex=\"-1\" aria-controls=\"elementor-tab-content-2713\" aria-expanded=\"false\"><a href=\"\">Workshop - RainDrop f\u00fcr Hunde<\/a><\/div>\n\t\t\t\t\t\t\t<\/div>\n\t\t\t<div class=\"elementor-tabs-content-wrapper\" role=\"tablist\" aria-orientation=\"vertical\">\n\t\t\t\t\t\t\t\t\t<div class=\"elementor-tab-title elementor-tab-mobile-title\" aria-selected=\"true\" data-tab=\"1\" role=\"tab\" tabindex=\"0\" aria-controls=\"elementor-tab-content-2711\" aria-expanded=\"false\">Seminar -  Einhandrute<\/div>\n\t\t\t\t\t<div id=\"elementor-tab-content-2711\" class=\"elementor-tab-content elementor-clearfix\" data-tab=\"1\" role=\"tabpanel\" aria-labelledby=\"elementor-tab-title-2711\" tabindex=\"0\" hidden=\"false\"><p>Der Umgang mit der Einhandrute ist einfach zu erlernen, denn dieses einfache Werkzeug zeigt sehr deutlich feinste Schwingungen und Muskelreflexe an. Mit der Einhandrute bist Du somit in der Lage gezielt Dein Umfeld, Speisen, Getr\u00e4nke, Pflanzen, Pflegemittel u.v.m. auf Vertr\u00e4glichkeit oder Eignung zu pr\u00fcfen. Anhand der Rutenausschl\u00e4ge und unterschiedlichen Bewegungen werden die feinen Reaktionen Deines K\u00f6rpers auf die verschiedenen Dinge sichtbar gemacht. Sie dient somit als sichtbares Anzeigeger\u00e4t auf das, was der Mensch auf der feinstofflichen Ebene wahrnimmt.<\/p><p>Au\u00dferdem kannst Du nicht nur Austestungen vornehmen, sondern sogar negative Energien in positive wandeln. Der Vorteil hierzu ist der, dass die Rute anzeigt, wenn der Vorgang beendet ist.<\/p><p>Da die Einhandruten aus verschiedenen H\u00f6lzern handgefertigt sind, unterst\u00fctzen auch die Heilungsfrequenzen der Baumarten den Prozess. So wie Pflanzen in der Hom\u00f6opathie und als \u00d6le oder Essenzen eingesetzt werden, haben auch B\u00e4ume heilende Wirkung auf uns.<\/p><p>Mit der Einhandrute\u00a0 k\u00f6nnen all diese Mittel zus\u00e4tzlich auch in einen Organismus eingeschwungen werden, sodass man sie nicht einmal direkt einnehmen braucht. Dies kannst Du sowohl f\u00fcr dich selbst, als auch im Auftrag f\u00fcr andere Menschen und Tiere machen.<\/p><p>Ein zus\u00e4tzliches Highlight dieses Kurses wird die Wirbels\u00e4ulenbegradigung, auch geistige Aufrichtung genannt, sein. Durch die Intension wird mithilfe der Einhandrute die mehr oder weniger starke Beinl\u00e4ngendifferenz ausgeglichen, die durch eine leichte Verdrehung in der Wirbels\u00e4ule zustande kommen kann. Die Auswirkungen der unterschiedlichen L\u00e4nge beider Beine kann zu verschiedensten Problemen im Bewegungsapparat f\u00fchren.<\/p><p>Nach einer Einstimmung auf die Arbeit mit der Rute wirst Du die verschiedenen M\u00f6glichkeiten zur Anwendung lernen und mit den anderen Teilnehmern \u00fcben, sodass Du am Ende des Tages \u00fcber eine Palette von F\u00e4higkeiten in Bezug auf die Einhandrute verf\u00fcgst.<\/p><p>Wenn Du eine Rute\u00a0 hast, kannst Du diesen mitbringen. Ansonsten habe ich einige zum Arbeiten hier, die auf Wunsch auch am Ende des Tages erworben werden k\u00f6nnen.<\/p><p><strong>Kosten: 120,00 \u20ac p.P<\/strong><br \/>inkl. Knabbereien, Getr\u00e4nke und ein vegetarisches Mittagessen<br \/>Bitte beachten Sie dass ich gem\u00e4\u00df \u00a719 keine Mehrwertsteuer ausweise.<\/p><p><strong>Maximale Teilnehmerzahl: 8<\/strong><\/p><p><b>Termine folgen demn\u00e4chst!<\/b><\/p><\/div>\n\t\t\t\t\t\t\t\t\t<div class=\"elementor-tab-title elementor-tab-mobile-title\" aria-selected=\"false\" data-tab=\"2\" role=\"tab\" tabindex=\"-1\" aria-controls=\"elementor-tab-content-2712\" aria-expanded=\"false\">Seminar - Tierkommunikation<\/div>\n\t\t\t\t\t<div id=\"elementor-tab-content-2712\" class=\"elementor-tab-content elementor-clearfix\" data-tab=\"2\" role=\"tabpanel\" aria-labelledby=\"elementor-tab-title-2712\" tabindex=\"0\" hidden=\"hidden\"><p>Mit Tieren zu sprechen und auf eine mentale Ebene zu verstehen, ist ein ganz nat\u00fcrlicher Vorgang den wir alle in uns haben ,schon von Geburt an.<\/p><p>Die F\u00e4higkeit, telepathische Botschaften in Form von Bildern,Worten und Gef\u00fchlen an unsere Tiere zu senden und selbe zu empfangen, kann leicht wieder in uns aktiviert werden.<\/p><p>So erleichtert die Tierkommunikation unseren Alltag und den Umgang mit unseren Tieren.<\/p><p>Missverst\u00e4ndnisse zwischen Mensch und Tier k\u00f6nnen so schnell gekl\u00e4rt werden und auf W\u00fcnsche bzw. Bed\u00fcrfnisse des Tieres eingegangen werden.<\/p><p>Zudem k\u00f6nnen Informationen \u00fcber den Gesundheitszustand herausgefunden werden u.v.m.<\/p><p>Lerne bei mir auf dem Hof in kleiner ,vertrauensvoller Runde mit max .8 Teilnehmern pro Seminar und in gem\u00fctlicher und fr\u00f6hlicher Atmosph\u00e4re die Gabe der Tierkommunikation.<\/p><p>Mit gezielt aufeinander aufbauenden \u00dcbungen lernen wir telepathische Kontakte zu Tieren herzustellen. Damit deine Ergebnisse f\u00fcr Dich selbst \u00fcberpr\u00fcfbar sind, kommuniziert Ihr anhand von mitgebrachten Fotos von eigenen und lebenden Tieren nach dem Ethic -Code von Penelope Smith miteinander.<\/p><p>Im Anschluss an den Kurs finden in regelm\u00e4\u00dfigen Abst\u00e4nden \u00dcbungsabende statt, um Deine neuen F\u00e4higkeiten im gesch\u00fctzten Rahmen auszubauen.<\/p><p><strong>Preis: 175,00 \u20ac<br \/><\/strong>inkl. Knabbereien, Getr\u00e4nke und ein vegetarisches Mittagessen<br \/>Bitte beachten Sie dass ich gem\u00e4\u00df \u00a719 keine Mehrwertsteuer ausweise.<\/p><p><strong>Maximale Teilnehmerzahl: 8<\/strong><\/p><p><b>Termine folgen demn\u00e4chst!<\/b><\/p><\/div>\n\t\t\t\t\t\t\t\t\t<div class=\"elementor-tab-title elementor-tab-mobile-title\" aria-selected=\"false\" data-tab=\"3\" role=\"tab\" tabindex=\"-1\" aria-controls=\"elementor-tab-content-2713\" aria-expanded=\"false\">Workshop - RainDrop f\u00fcr Hunde<\/div>\n\t\t\t\t\t<div id=\"elementor-tab-content-2713\" class=\"elementor-tab-content elementor-clearfix\" data-tab=\"3\" role=\"tabpanel\" aria-labelledby=\"elementor-tab-title-2713\" tabindex=\"0\" hidden=\"hidden\"><p>Erlerne in diesen Raindrop Workshop,wie Du Deinen Hund etwas richtig Gutes tun kannst. Nicht nur als Vorsorge f\u00fcr ein gesundes langes Hundeleben, auch zur Verbesserung der Lebensqualit\u00e4t bei kranken oder alten Hunden.<\/p><p>Die Raindrop Technique ist eine Aromamassage mit hochwertigen \u00e4therischen \u00d6len.<\/p><p>Diese \u00e4therischen \u00d6le werden nacheinander zuerst auf die Lymphbahnen der Gliedma\u00dfen aufgetragen und dann auf den R\u00fccken getropft (Raindrop \u2013 Regentropfen) und mit verschiedenen Massagetechniken sanft eingearbeitet.<\/p><p>Die verwendeten \u00d6le besitzen eine 100% Reinheit und gelangen durch Ihre hochwirksame therapeutische Qualit\u00e4t \u00fcber die Haut, in die Nervenbahnen und\u00a0 verteilen sich so in die tiefen Schichten des K\u00f6rpers . Die Raindrop Technique wirkt ganzheitlich und kann uns auf k\u00f6rperliche und emotionale Ebene unterst\u00fctzen .<\/p><p>Diese Massage wirkt durch die \u00e4therische \u00d6le vielschichtig.<\/p><p>Jedes \u00d6l\u00a0 hat eine unterschiedliche Botschaft f\u00fcr unseren K\u00f6rper. Die Zusammensetzung der \u00d6le kann je nach Beschwerde des Kunden variieren und sehr individuell auf die Bed\u00fcrfnisse eines jeden einzelnen angepasst werden .<\/p><p>Welche Vorteile bringt diese besondere Massage unseren Tieren?<\/p><p>-unser Tier gelangt schneller in seine mentale Mitte<\/p><p>-Stress wird schneller abgebaut<\/p><p>-unterst\u00fctzt den R\u00fccken und den gesamten Bewegungsapparat.<\/p><p>\u00a0<\/p><p>Habe ich Dich neugierig gemacht?<\/p><p>Lerne die Raindrop\u00f6le kennen und welche Einsatzm\u00f6glichkeiten man mit Ihnen am Tier hat.<\/p><p>Die Kombination von \u00e4therischen \u00d6len und Massagetechniken der Lakota Indianer machen die Raindrop Massage sehr besonders und es ist ein tolles Tool zur Gesunderhaltung eures Tieres.<\/p><p>\u00a0<\/p><p><strong>Dieser Workshop findet in der Omegas Hundeschule<\/strong><\/p><p><strong>Scharrlerstr.8, 29640 Schneverdingen statt<\/strong><\/p><p><strong>Gastgeberin Sandra M\u00fccke<\/strong><\/p><p>\u00a0<\/p><p><b>Termine folgen demn\u00e4chst!<\/b><\/p><p><strong>Preis:<\/strong> 110,00 \u20ac<\/p><p>* zus\u00e4tzlich 10,00\u20ac\u00a0 Tropfengeld f\u00fcr die, die keine eigenen \u00d6le mitbringen<\/p><\/div>\n\t\t\t\t\t\t\t<\/div>\n\t\t<\/div>\n\t\t\t\t<\/div>\n\t\t\t\t<\/div>\n\t\t\t\t\t\t<\/div>\n\t\t\t\t\t<\/div>\n\t\t<\/div>\n\t\t\t\t\t\t\t\t<\/div>\n\t\t\t\t\t<\/div>\n\t\t<\/section>\n\t\t\t\t\t\t\t\t\t<\/div>\n\t\t\t<\/div>\n\t\t\t\t\t<\/div>\n\t\t","protected":false},"excerpt":{"rendered":"<p>Seminar &#8211; Einhandrute Seminar &#8211; Tierkommunikation Workshop &#8211; RainDrop f\u00fcr Hunde Seminar &#8211; Einhandrute Der Umgang mit der Einhandrute ist einfach zu erlernen, denn dieses einfache Werkzeug zeigt sehr deutlich feinste Schwingungen und Muskelreflexe an. Mit der Einhandrute bist Du somit in der Lage gezielt Dein Umfeld, Speisen, Getr\u00e4nke, Pflanzen, Pflegemittel u.v.m. auf Vertr\u00e4glichkeit oder [&hellip;]<\/p>\n","protected":false},"author":1,"featured_media":0,"parent":0,"menu_order":0,"comment_status":"closed","ping_status":"closed","template":"page-templates\/page_fullwidth.php","meta":[],"_links":{"self":[{"href":"https:\/\/tierphysio.andreadetjen.de\/index.php?rest_route=\/wp\/v2\/pages\/101"}],"collection":[{"href":"https:\/\/tierphysio.andreadetjen.de\/index.php?rest_route=\/wp\/v2\/pages"}],"about":[{"href":"https:\/\/tierphysio.andreadetjen.de\/index.php?rest_route=\/wp\/v2\/types\/page"}],"author":[{"embeddable":true,"href":"https:\/\/tierphysio.andreadetjen.de\/index.php?rest_route=\/wp\/v2\/users\/1"}],"replies":[{"embeddable":true,"href":"https:\/\/tierphysio.andreadetjen.de\/index.php?rest_route=%2Fwp%2Fv2%2Fcomments&post=101"}],"version-history":[{"count":8,"href":"https:\/\/tierphysio.andreadetjen.de\/index.php?rest_route=\/wp\/v2\/pages\/101\/revisions"}],"predecessor-version":[{"id":367,"href":"https:\/\/tierphysio.andreadetjen.de\/index.php?rest_route=\/wp\/v2\/pages\/101\/revisions\/367"}],"wp:attachment":[{"href":"https:\/\/tierphysio.andreadetjen.de\/index.php?rest_route=%2Fwp%2Fv2%2Fmedia&parent=101"}],"curies":[{"name":"wp","href":"https:\/\/api.w.org\/{rel}","templated":true}]}}