{"id":113,"date":"2019-02-24T14:06:09","date_gmt":"2019-02-24T14:06:09","guid":{"rendered":"http:\/\/tierphysio.andreadetjen.de\/?page_id=113"},"modified":"2019-04-10T18:46:55","modified_gmt":"2019-04-10T18:46:55","slug":"datenschutzerklaerung","status":"publish","type":"page","link":"https:\/\/tierphysio.andreadetjen.de\/?page_id=113","title":{"rendered":"DATENSCHUTZERKL\u00c4RUNG"},"content":{"rendered":"\t\t<div data-elementor-type=\"wp-post\" data-elementor-id=\"113\" class=\"elementor elementor-113 elementor-bc-flex-widget\">\n\t\t\t\t\t\t<div class=\"elementor-inner\">\n\t\t\t\t<div class=\"elementor-section-wrap\">\n\t\t\t\t\t\t\t\t\t<section class=\"elementor-section elementor-top-section elementor-element elementor-element-ab70884 elementor-section-boxed elementor-section-height-default elementor-section-height-default\" data-id=\"ab70884\" data-element_type=\"section\">\n\t\t\t\t\t\t<div class=\"elementor-container elementor-column-gap-default\">\n\t\t\t\t\t\t\t<div class=\"elementor-row\">\n\t\t\t\t\t<div class=\"elementor-column elementor-col-100 elementor-top-column elementor-element elementor-element-977412e\" data-id=\"977412e\" data-element_type=\"column\">\n\t\t\t<div class=\"elementor-column-wrap elementor-element-populated\">\n\t\t\t\t\t\t\t<div class=\"elementor-widget-wrap\">\n\t\t\t\t\t\t<div class=\"elementor-element elementor-element-a9ca4f2 elementor-widget elementor-widget-text-editor\" data-id=\"a9ca4f2\" data-element_type=\"widget\" data-widget_type=\"text-editor.default\">\n\t\t\t\t<div class=\"elementor-widget-container\">\n\t\t\t\t\t\t\t\t<div class=\"elementor-text-editor elementor-clearfix\">\n\t\t\t\t<p>Ich freue mich sehr \u00fcber Ihr Interesse an meiner Website.<br \/>Datenschutz hat f\u00fcr mich, Andrea Detjen, eine hohe Bedeutung. Eine Nutzung der Internetseiten von Andrea Detjen (www.tierphysiotherapie-ahlerstedt.de) ist grunds\u00e4tzlich ohne jede Angabe personenbezogener Daten m\u00f6glich. Es werden von der Internetseite von Andrea Detjen (www.tierphysiotherapie-ahlerstedt.de) keine personenbezogenen Daten erhoben, verarbeitet oder gespeichert.<\/p>\t\t\t\t\t<\/div>\n\t\t\t\t\t\t<\/div>\n\t\t\t\t<\/div>\n\t\t\t\t\t\t<\/div>\n\t\t\t\t\t<\/div>\n\t\t<\/div>\n\t\t\t\t\t\t\t\t<\/div>\n\t\t\t\t\t<\/div>\n\t\t<\/section>\n\t\t\t\t<section class=\"elementor-section elementor-top-section elementor-element elementor-element-7a1cf90 elementor-section-boxed elementor-section-height-default elementor-section-height-default\" data-id=\"7a1cf90\" data-element_type=\"section\">\n\t\t\t\t\t\t<div class=\"elementor-container elementor-column-gap-default\">\n\t\t\t\t\t\t\t<div class=\"elementor-row\">\n\t\t\t\t\t<div class=\"elementor-column elementor-col-100 elementor-top-column elementor-element elementor-element-3711c67\" data-id=\"3711c67\" data-element_type=\"column\">\n\t\t\t<div class=\"elementor-column-wrap elementor-element-populated\">\n\t\t\t\t\t\t\t<div class=\"elementor-widget-wrap\">\n\t\t\t\t\t\t<div class=\"elementor-element elementor-element-fb689f6 elementor-invisible elementor-widget elementor-widget-text-editor\" data-id=\"fb689f6\" data-element_type=\"widget\" data-settings=\"{&quot;_animation&quot;:&quot;slideInLeft&quot;}\" data-widget_type=\"text-editor.default\">\n\t\t\t\t<div class=\"elementor-widget-container\">\n\t\t\t\t\t\t\t\t<div class=\"elementor-text-editor elementor-clearfix\">\n\t\t\t\t<p><strong>Name und Kontaktdaten des Websitebetreibers<\/strong><\/p><p>Andrea Detjen<br \/>Grosser Damm 19<br \/>21702 Ahlerstedt<br \/>Deutschland<\/p><p>Tel.: 04166 \/ 84 87 32<\/p><p>E-Mail: info@tierphysiotherapie-ahlerstedt.de<br \/>Website: www.tierphysiotherapie-ahlerstedt.de<\/p><p><strong>Zweck der Dateneverarbeitung<\/strong><\/p><p>Es werden von meiner Web-Site keine personenbezogenen Daten erhoben, verarbeitet oder gespeichert.<\/p><p><strong>Rechtsgrundlage der Datenverarbeitung<\/strong><\/p><p>Art. 6 I lit. a DS-GVO dient unserem Unternehmen als Rechtsgrundlage f\u00fcr Verarbeitungsvorg\u00e4nge, bei denen wir eine Einwilligung f\u00fcr einen bestimmten Verarbeitungszweck einholen. Ist die Verarbeitung personenbezogener Daten zur Erf\u00fcllung eines Vertrags, dessen Vertragspartei die betroffene Person ist, erforderlich, wie dies beispielsweise bei Verarbeitungsvorg\u00e4ngen der Fall ist, die f\u00fcr eine Lieferung von Waren oder die Erbringung einer sonstigen Leistung oder Gegenleistung notwendig sind, so beruht die Verarbeitung auf Art. 6 I lit. b DS-GVO. Gleiches gilt f\u00fcr solche Verarbeitungsvorg\u00e4nge die zur Durchf\u00fchrung vorvertraglicher Ma\u00dfnahmen erforderlich sind, etwa in F\u00e4llen von Anfragen zur unseren Produkten oder Leistungen. Unterliegt unser Unternehmen einer rechtlichen Verpflichtung durch welche eine Verarbeitung von personenbezogenen Daten erforderlich wird, wie beispielsweise zur Erf\u00fcllung steuerlicher Pflichten, so basiert die Verarbeitung auf Art. 6 I lit. c DS-GVO. In seltenen F\u00e4llen k\u00f6nnte die Verarbeitung von personenbezogenen Daten erforderlich werden, um lebenswichtige Interessen der betroffenen Person oder einer anderen nat\u00fcrlichen Person zu sch\u00fctzen. Dies w\u00e4re beispielsweise der Fall, wenn ein Besucher in unserem Betrieb verletzt werden w\u00fcrde und daraufhin sein Name, sein Alter, seine Krankenkassendaten oder sonstige lebenswichtige Informationen an einen Arzt, ein Krankenhaus oder sonstige Dritte weitergegeben werden m\u00fcssten. Dann w\u00fcrde die Verarbeitung auf Art. 6 I lit. d DS-GVO beruhen. Letztlich k\u00f6nnten Verarbeitungsvorg\u00e4nge auf Art. 6 I lit. f DS-GVO beruhen. Auf dieser Rechtsgrundlage basieren Verarbeitungsvorg\u00e4nge, die von keiner der vorgenannten Rechtsgrundlagen erfasst werden, wenn die Verarbeitung zur Wahrung eines berechtigten Interesses unseres Unternehmens oder eines Dritten erforderlich ist, sofern die Interessen, Grundrechte und Grundfreiheiten des Betroffenen nicht \u00fcberwiegen. Solche Verarbeitungsvorg\u00e4nge sind uns insbesondere deshalb gestattet, weil sie durch den Europ\u00e4ischen Gesetzgeber besonders erw\u00e4hnt wurden. Er vertrat insoweit die Auffassung, dass ein berechtigtes Interesse anzunehmen sein k\u00f6nnte, wenn die betroffene Person ein Kunde des Verantwortlichen ist (Erw\u00e4gungsgrund 47 Satz 2 DS-GVO).<\/p><p><strong>Speicherdauer<\/strong><\/p><p>Es werden von meiner Web-Site keine personenbezogenen Daten gespeichert. Mein Web-Site Hoster (STRATO AG, Pascalstra\u00dfe 10, 10587 Berlin) speichert Log-Daten \u00fcber den Besuch meiner Web-Site (siehe:\u00a0<a href=\"https:\/\/www.strato.de\/datenschutz\/\" target=\"blank\">Datenschutzerkl\u00e4rung der Strato AG<\/a>).<\/p><p>Log-Daten enthalten die IP-Adresse des Ger\u00e4tes, mit dem Sie auf meine Website zugreifen, die Art des Browsers, mit dem Sie zugreifen, die Webseite, die Sie zuvor besucht haben, Ihre Systemkonfiguration sowie Datum und Zeitangaben. Die STRATO AG speichern IP-Adressen nur, soweit es zur Erbringung seiner Dienste erforderlich ist. Ansonsten werden die IP-Adressen gel\u00f6scht oder anonymisiert. Ihre IP-Adresse beim Besuch meiner Website speichert die STRATO AG zur Erkennung und Abwehr von Angriffen maximal 7 Tage.<\/p><p><strong>Haftung f\u00fcr fremde Inhalte und Links<\/strong><\/p><p>Mit dem Urteil vom 12. Mai 1998 hat das Landgericht Hamburg entschieden, dass man durch die Anbringung eines Links die Inhalte der gelinkten Seiten ggf. mit zu verantworten hat. Dies kann nur dadurch verhindert werden, dass man sich ausdr\u00fccklich von diesem Inhalt distanziert.<\/p><p>F\u00fcr alle Links auf dieser Homepage gilt: Ich distanziere mich hiermit ausdr\u00fccklich von allen Inhalten aller verlinkten Seitenadressen auf meiner Homepage und mache mir diese Inhalte nicht zu eigen.\u00a0<\/p><p><strong>Copyright<\/strong><\/p><p>Das Layout der Homepage, samt der verwendeten Grafiken und Bilder sowie der Content dieser Webseite sind urheberrechtlich gesch\u00fctzt. Alle Rechte der Vervielf\u00e4ltigung und der Verbreitung, auch teilweise, behalte ich mir vor.<\/p><p>\u00a0<\/p><p>Letzte Aktualisierung: 27.02.2019<\/p>\t\t\t\t\t<\/div>\n\t\t\t\t\t\t<\/div>\n\t\t\t\t<\/div>\n\t\t\t\t\t\t<\/div>\n\t\t\t\t\t<\/div>\n\t\t<\/div>\n\t\t\t\t\t\t\t\t<\/div>\n\t\t\t\t\t<\/div>\n\t\t<\/section>\n\t\t\t\t<section class=\"elementor-section elementor-top-section elementor-element elementor-element-72e1b9d elementor-section-boxed elementor-section-height-default elementor-section-height-default\" data-id=\"72e1b9d\" data-element_type=\"section\">\n\t\t\t\t\t\t<div class=\"elementor-container elementor-column-gap-default\">\n\t\t\t\t\t\t\t<div class=\"elementor-row\">\n\t\t\t\t\t<div class=\"elementor-column elementor-col-100 elementor-top-column elementor-element elementor-element-8bc8126\" data-id=\"8bc8126\" data-element_type=\"column\">\n\t\t\t<div class=\"elementor-column-wrap elementor-element-populated\">\n\t\t\t\t\t\t\t<div class=\"elementor-widget-wrap\">\n\t\t\t\t\t\t<div class=\"elementor-element elementor-element-0fd4a5e elementor-widget elementor-widget-sidebar\" data-id=\"0fd4a5e\" data-element_type=\"widget\" data-widget_type=\"sidebar.default\">\n\t\t\t\t<div class=\"elementor-widget-container\">\n\t\t\t<aside id=\"pages-3\" class=\"widget widget_pages\"><h3 class=\"widget-title\">Seiten<\/h3>\n\t\t\t<ul>\n\t\t\t\t<li class=\"page_item page-item-107\"><a href=\"https:\/\/tierphysio.andreadetjen.de\/?page_id=107\">\u00dcBER MICH<\/a><\/li>\n<li class=\"page_item page-item-110\"><a href=\"https:\/\/tierphysio.andreadetjen.de\/?page_id=110\">IMPRESSUM<\/a><\/li>\n<li class=\"page_item page-item-113\"><a href=\"https:\/\/tierphysio.andreadetjen.de\/?page_id=113\">DATENSCHUTZERKL\u00c4RUNG<\/a><\/li>\n<li class=\"page_item page-item-116\"><a href=\"https:\/\/tierphysio.andreadetjen.de\/?page_id=116\">AGB<\/a><\/li>\n<li class=\"page_item page-item-125\"><a href=\"https:\/\/tierphysio.andreadetjen.de\/?page_id=125\">KONTAKT<\/a><\/li>\n<li class=\"page_item page-item-185\"><a href=\"https:\/\/tierphysio.andreadetjen.de\/?page_id=185\">BEWERTUNGEN<\/a><\/li>\n<li class=\"page_item page-item-227\"><a href=\"https:\/\/tierphysio.andreadetjen.de\/\">Start<\/a><\/li>\n\t\t\t<\/ul>\n\n\t\t\t<\/aside>\t\t<\/div>\n\t\t\t\t<\/div>\n\t\t\t\t\t\t<\/div>\n\t\t\t\t\t<\/div>\n\t\t<\/div>\n\t\t\t\t\t\t\t\t<\/div>\n\t\t\t\t\t<\/div>\n\t\t<\/section>\n\t\t\t\t\t\t\t\t\t<\/div>\n\t\t\t<\/div>\n\t\t\t\t\t<\/div>\n\t\t","protected":false},"excerpt":{"rendered":"<p>Ich freue mich sehr \u00fcber Ihr Interesse an meiner Website. Datenschutz hat f\u00fcr mich, Andrea Detjen, eine hohe Bedeutung. Eine Nutzung der Internetseiten von Andrea Detjen (www.tierphysiotherapie-ahlerstedt.de) ist grunds\u00e4tzlich ohne jede Angabe personenbezogener Daten m\u00f6glich. Es werden von der Internetseite von Andrea Detjen (www.tierphysiotherapie-ahlerstedt.de) keine personenbezogenen Daten erhoben, verarbeitet oder gespeichert. Name und Kontaktdaten des [&hellip;]<\/p>\n","protected":false},"author":1,"featured_media":0,"parent":0,"menu_order":0,"comment_status":"closed","ping_status":"closed","template":"page-templates\/page_fullwidth.php","meta":[],"_links":{"self":[{"href":"https:\/\/tierphysio.andreadetjen.de\/index.php?rest_route=\/wp\/v2\/pages\/113"}],"collection":[{"href":"https:\/\/tierphysio.andreadetjen.de\/index.php?rest_route=\/wp\/v2\/pages"}],"about":[{"href":"https:\/\/tierphysio.andreadetjen.de\/index.php?rest_route=\/wp\/v2\/types\/page"}],"author":[{"embeddable":true,"href":"https:\/\/tierphysio.andreadetjen.de\/index.php?rest_route=\/wp\/v2\/users\/1"}],"replies":[{"embeddable":true,"href":"https:\/\/tierphysio.andreadetjen.de\/index.php?rest_route=%2Fwp%2Fv2%2Fcomments&post=113"}],"version-history":[{"count":8,"href":"https:\/\/tierphysio.andreadetjen.de\/index.php?rest_route=\/wp\/v2\/pages\/113\/revisions"}],"predecessor-version":[{"id":233,"href":"https:\/\/tierphysio.andreadetjen.de\/index.php?rest_route=\/wp\/v2\/pages\/113\/revisions\/233"}],"wp:attachment":[{"href":"https:\/\/tierphysio.andreadetjen.de\/index.php?rest_route=%2Fwp%2Fv2%2Fmedia&parent=113"}],"curies":[{"name":"wp","href":"https:\/\/api.w.org\/{rel}","templated":true}]}}