{"id":116,"date":"2019-02-24T14:06:17","date_gmt":"2019-02-24T14:06:17","guid":{"rendered":"http:\/\/tierphysio.andreadetjen.de\/?page_id=116"},"modified":"2019-08-12T10:25:51","modified_gmt":"2019-08-12T10:25:51","slug":"agb","status":"publish","type":"page","link":"https:\/\/tierphysio.andreadetjen.de\/?page_id=116","title":{"rendered":"AGB"},"content":{"rendered":"\t\t<div data-elementor-type=\"wp-post\" data-elementor-id=\"116\" class=\"elementor elementor-116 elementor-bc-flex-widget\">\n\t\t\t\t\t\t<div class=\"elementor-inner\">\n\t\t\t\t<div class=\"elementor-section-wrap\">\n\t\t\t\t\t\t\t\t\t<section class=\"elementor-section elementor-top-section elementor-element elementor-element-c180232 elementor-section-boxed elementor-section-height-default elementor-section-height-default\" data-id=\"c180232\" data-element_type=\"section\">\n\t\t\t\t\t\t<div class=\"elementor-container elementor-column-gap-default\">\n\t\t\t\t\t\t\t<div class=\"elementor-row\">\n\t\t\t\t\t<div class=\"elementor-column elementor-col-100 elementor-top-column elementor-element elementor-element-976322f\" data-id=\"976322f\" data-element_type=\"column\">\n\t\t\t<div class=\"elementor-column-wrap elementor-element-populated\">\n\t\t\t\t\t\t\t<div class=\"elementor-widget-wrap\">\n\t\t\t\t\t\t<div class=\"elementor-element elementor-element-3aafccd elementor-invisible elementor-widget elementor-widget-text-editor\" data-id=\"3aafccd\" data-element_type=\"widget\" data-settings=\"{&quot;_animation&quot;:&quot;slideInLeft&quot;}\" data-widget_type=\"text-editor.default\">\n\t\t\t\t<div class=\"elementor-widget-container\">\n\t\t\t\t\t\t\t\t<div class=\"elementor-text-editor elementor-clearfix\">\n\t\t\t\t<p><strong>\u00a0\u00a7 1 Allgemeines<\/strong><br \/>Nachstehende Allgemeine Gesch\u00e4ftsbedingungen gelten f\u00fcr alle Vertr\u00e4ge und sonstige Leistungen. Abweichenden Vorschriften des Vertragspartners widerspreche ich hiermit ausdr\u00fccklich. Alle Nebenabsprachen bed\u00fcrfen der schriftlichen Best\u00e4tigung meinerseits.<\/p><p><strong>\u00a7 2 Zustandekommen des Vertrages<\/strong><br \/>Aufgrund Ihrer m\u00fcndlichen oder schriftlichen Anfrage erhalten Sie von mir f\u00fcr Ihr pers\u00f6nliches Anliegen ein individuelles, unverbindliches Angebot f\u00fcr eine Beratung oder sonstige Dienstleistung. Beigef\u00fcgt zu diesem individuellen Angebot sind meine AGB`s. Der Vertrag kommt durch m\u00fcndliche oder schriftliche Terminvereinbarung bzw. bei Fernberatungen und Ferntherapien durch die Auftragsbest\u00e4tigung zu Stande und ist verbindlich. Mit seiner Unterschrift best\u00e4tigt der Kunde die AGB\u00b4s gelesen, verstanden und akzeptiert zu haben.<\/p><p><strong>\u00a7 3 Verf\u00fcgbarkeit des Vertragstextes<\/strong><br \/>Die allgemeinen Vertragsbedingungen stehen ausschlie\u00dflich in deutscher Sprache zur Verf\u00fcgung.<\/p><p><strong>\u00a7 4 Beschaffenheit und wesentliche Merkmale der Dienstleistungen<\/strong><br \/>Die Beschaffenheit, die Merkmale und die Qualit\u00e4t der jeweiligen Dienstleistung ergeben sich aus den Angaben in den jeweiligen Angebotsbeschreibungen.<\/p><p><strong>\u00a7 5 Pflichten des Tierhalters<\/strong><br \/>Verhaltensprobleme und Verhaltensauff\u00e4lligkeiten k\u00f6nnen nur in Zusammenarbeit mit dem Tierhalter gel\u00f6st werden. Der Tierhalter verpflichtet sich bei dem Training\/der Therapie intensiv mit zu arbeiten und die jeweiligen Empfehlungen konsequent umzusetzen. Ich weise ausdr\u00fccklich daraufhin, dass viele verhaltenstherapeutische Ma\u00dfnahmen meist \u00fcber einen l\u00e4ngeren Zeitraum t\u00e4glich wiederholt werden m\u00fcssen und dies nicht selten mit einem erheblichen Zeitaufwand verbunden ist. Bitte beachten Sie, da\u00df das zu therapierende Tier geimpft, entwurmt und frei von ansteckenden Krankheiten ist. Sollte dies nicht der Fall sein, steht es mir frei die Behandlung abzulehnen oder abzubrechen. Der Tierhalter ist verpflichtet mir chronische Erkrankungen und die Einnahme von Medikamenten vor Therapiebeginn mitzuteilen. Der Tierhalter verpflichtet sich die ausgeh\u00e4ndigten bzw. \u00fcbersandten Frageb\u00f6gen wahrheitsgem\u00e4\u00df und so detailliert wie m\u00f6glich auszuf\u00fcllen. Die Angaben werden von mir streng vertraulich behandelt.<\/p><p><strong>\u00a7 6 Haftungsausschlu\u00df<\/strong><br \/>Die Ausf\u00fchrung meiner Therapievorschl\u00e4ge erfolgt auf eigenes Risiko. Der Tierhalter \u00fcbernimmt die alleinige Haftung f\u00fcr Sch\u00e4den, die er oder sein Tier verursachen, auch wenn er in meinem Beisein und auf meine Veranlassung hin handelt. Soweit der Tierhalter von mir aufgefordert wird seinen Hund von der Leine zu lassen, sein Tier frei im Garten laufen zu lassen o.\u00e4. \u00fcbernimmt er hierf\u00fcr die alleinige Verantwortung. Eine Haftung meinerseits f\u00fcr K\u00f6rper-, Sach- oder Verm\u00f6genssch\u00e4den wird ausgeschlossen. F\u00fcr eingesandte Medien jedweder Art wird keine Haftung \u00fcbernommen und es besteht kein Anspruch auf Erstattung. Alle Informationen und Erkl\u00e4rungen auf meiner Website sind unverbindlich. F\u00fcr Inhalte, Richtigkeit und Vollst\u00e4ndigkeit von Informationsmaterial und Skripten \u00fcbernehme ich keine Gew\u00e4hr.<\/p><p><strong>\u00a7 7 Copyright<\/strong><br \/>Von mir \u00fcbergebene bzw. zugesandte Unterlagen (Frageb\u00f6gen, Therapiepl\u00e4ne, Informationsschriften etc. ) d\u00fcrfen ohne meine schriftliche Genehmigung weder gespeichert, noch kopiert oder an Dritte weitergegeben werden.<\/p><p><strong>\u00a7 8 Preise und Zahlungsmodalit\u00e4ten<\/strong><br \/>S\u00e4mtliche angegebenen Preise sind Endpreise. Aufgrund meines Kleinunternehmerstatus gem. \u00a7 19 UStG weise ich keine Mehrwertsteuer aus. Preis\u00e4nderungen behalte ich mir ausdr\u00fccklich vor. Bei Leistungen vor Ort ist mein Honorar am Ende der Beratung bzw. Therapie- \/Trainingseinheit bar zu zahlen. Ebenso bei Begleitungen zum Tierarzt, Z\u00fcchter, Tierheim etc. Bei telefonischen und schriftlichen Beratungen ist mein Honorar vorab auf mein Bankkonto zu \u00fcberweisen. Wenn Sie nachweislich Ihr Tier aus einem Tierheim oder Tierschutzverein erworben haben, erhalten Sie auf alle zu leistenden Zahlungen von mir einen Rabatt in H\u00f6he von 10 %. F\u00fcr nicht wahr genommene Termine bzw. nicht mindestens 48 Std. vorher abgesagte Termine stelle ich Ihnen eine Geb\u00fchr von 25,00 \u20ac in Rechnung. Ich bitte hierf\u00fcr um Verst\u00e4ndnis. Ausgenommen hiervon sind nicht vorhersehbare Ereignisse wie Erkrankung oder Unfall des Tierhaltes oder des Tieres und durch \u201eh\u00f6here Gewalt\u201c. Ich behalte mir vor, Terminvereinbarungen in dringenden F\u00e4llen abzusagen. Hieraus ergibt sich f\u00fcr den Tierhalter kein Ersatzanspruch.<\/p><p><strong>\u00a7 9 Gew\u00e4hrleistung und Garantieausschlu\u00df<\/strong><br \/>Ich kann Ihnen, auch bei noch so gewissenhafter Bearbeitung Ihrer Anfrage, keine Erfolgsgarantie geben. Das Erreichen eines Therapie-\/Trainingszieles ist von vielen Faktoren abh\u00e4ngig, u.a. auch von der Mitarbeit des Tierhalters,dem Alter und Gesundheitszustand des Tieres und seinen Haltungsbedingungen.<\/p><p><strong>\u00a7 10 Widerrufsrecht<\/strong><br \/>Ein Widerrufsrecht besteht f\u00fcr Terminvereinbarungen, sofern die Absage fristgerecht, mindestens 48 Std., vor dem vereinbarten Termin erfolgt. Anders verh\u00e4lt es sich bei tel. oder schriftlichen Beratungen, Trainings- \/Therapiepl\u00e4nen Hier erlischt das Widerrufsrecht, da es sich um einen Auftrag im Sinne des Fernabsatzgesetzes ( \u00a7 3 Abs. (2) 1.) handelt, der eindeutig auf die pers\u00f6nlichen Bed\u00fcrfnisse des Auftraggebers zugeschnitten ist.<\/p><p><strong>\u00a7 11 Eigentumsvorbehalt<\/strong><br \/>Bis zur vollst\u00e4ndigen Bezahlung bleiben die \u00fcbergebenen schriftlichen Ausarbeitungen, Skripte, Informationsschriften und sonstigen Materialien mein Eigentum.<\/p><p><strong> \u00a7 12 Datenschutzerkl\u00e4rung<\/strong><br \/>Ich behandle alle von Ihnen erhobenen pers\u00f6nlichen Daten streng vertraulich und verwende Ihre Bestandsdaten ausschlie\u00dflich zur Abwicklung Ihres Auftrages. Alle Kundendaten werden unter Beachtung der einschl\u00e4gigen Vorschriften der Bundesdatenschutzgesetze (BDSG) und des Teledienstdatenschutzgesetzes (TDDSG) von mir gespeichert und verarbeitet. Ich gebe Ihre personenbezogenen Daten einschlie\u00dflich Ihrer Haus-Adresse und EMail-Adresse nicht an Dritte weiter. Ausgenommen hiervon sind meine Dienstleistungspartner, die zur Auftragsabwicklung die \u00dcbermittlung von Daten ben\u00f6tigen (z.B. das mit der Lieferung beauftragte Versandunternehmen und das mit der Zahlungsabwicklung beauftragte Kreditinstitut). In diesen F\u00e4llen beschr\u00e4nkt sich der Umfang der \u00fcbermittelten Daten jedoch nur auf das erforderliche Minimum. Eine Datenerhebung, -\u00fcbermittlung und\/oder sonstige Verarbeitung personenbezogener Kundendaten zu anderen Zwecken wird von mir nicht vorgenommen.<\/p><p><strong>\u00a7 13 Anwendbares Recht<\/strong><br \/>F\u00fcr s\u00e4mtliche Dienstleistungen gilt ausschlie\u00dflich das Recht der Bundesrepublik Deutschland.<\/p><p><strong>\u00a7 14 Gerichtsstand und sonstige Bestimmungen<\/strong><br \/>Als Gerichtsstand wird mein Sitz vereinbart, wenn Sie Kaufmann sind oder keinen allgemeinen Gerichtsstand in der Bundesrepublik Deutschland haben. Sollten einzelne Bestimmungen unwirksam sein, so f\u00fchrt dies nicht zur Unwirksamkeit des gesamten Vertrags sowie der \u00fcbrigen vertraglichen Bestimmungen. Die unwirksame Bestimmung wird durch die entsprechenden gesetzlichen Vorgaben ersetzt.\u00a0<\/p><p>Letzte Aktualisierung: 27.02.2019<\/p>\t\t\t\t\t<\/div>\n\t\t\t\t\t\t<\/div>\n\t\t\t\t<\/div>\n\t\t\t\t\t\t<\/div>\n\t\t\t\t\t<\/div>\n\t\t<\/div>\n\t\t\t\t\t\t\t\t<\/div>\n\t\t\t\t\t<\/div>\n\t\t<\/section>\n\t\t\t\t<section class=\"elementor-section elementor-top-section elementor-element elementor-element-2984902 elementor-section-boxed elementor-section-height-default elementor-section-height-default\" data-id=\"2984902\" data-element_type=\"section\">\n\t\t\t\t\t\t<div class=\"elementor-container elementor-column-gap-default\">\n\t\t\t\t\t\t\t<div class=\"elementor-row\">\n\t\t\t\t\t<div class=\"elementor-column elementor-col-100 elementor-top-column elementor-element elementor-element-4244bda\" data-id=\"4244bda\" data-element_type=\"column\">\n\t\t\t<div class=\"elementor-column-wrap elementor-element-populated\">\n\t\t\t\t\t\t\t<div class=\"elementor-widget-wrap\">\n\t\t\t\t\t\t<div class=\"elementor-element elementor-element-88809bc elementor-widget elementor-widget-sidebar\" data-id=\"88809bc\" data-element_type=\"widget\" data-widget_type=\"sidebar.default\">\n\t\t\t\t<div class=\"elementor-widget-container\">\n\t\t\t<aside id=\"pages-3\" class=\"widget widget_pages\"><h3 class=\"widget-title\">Seiten<\/h3>\n\t\t\t<ul>\n\t\t\t\t<li class=\"page_item page-item-107\"><a href=\"https:\/\/tierphysio.andreadetjen.de\/?page_id=107\">\u00dcBER MICH<\/a><\/li>\n<li class=\"page_item page-item-110\"><a href=\"https:\/\/tierphysio.andreadetjen.de\/?page_id=110\">IMPRESSUM<\/a><\/li>\n<li class=\"page_item page-item-113\"><a href=\"https:\/\/tierphysio.andreadetjen.de\/?page_id=113\">DATENSCHUTZERKL\u00c4RUNG<\/a><\/li>\n<li class=\"page_item page-item-116\"><a href=\"https:\/\/tierphysio.andreadetjen.de\/?page_id=116\">AGB<\/a><\/li>\n<li class=\"page_item page-item-125\"><a href=\"https:\/\/tierphysio.andreadetjen.de\/?page_id=125\">KONTAKT<\/a><\/li>\n<li class=\"page_item page-item-185\"><a href=\"https:\/\/tierphysio.andreadetjen.de\/?page_id=185\">BEWERTUNGEN<\/a><\/li>\n<li class=\"page_item page-item-227\"><a href=\"https:\/\/tierphysio.andreadetjen.de\/\">Start<\/a><\/li>\n\t\t\t<\/ul>\n\n\t\t\t<\/aside>\t\t<\/div>\n\t\t\t\t<\/div>\n\t\t\t\t\t\t<\/div>\n\t\t\t\t\t<\/div>\n\t\t<\/div>\n\t\t\t\t\t\t\t\t<\/div>\n\t\t\t\t\t<\/div>\n\t\t<\/section>\n\t\t\t\t\t\t\t\t\t<\/div>\n\t\t\t<\/div>\n\t\t\t\t\t<\/div>\n\t\t","protected":false},"excerpt":{"rendered":"<p>&nbsp;\u00a7 1 Allgemeines Nachstehende Allgemeine Gesch\u00e4ftsbedingungen gelten f\u00fcr alle Vertr\u00e4ge und sonstige Leistungen. Abweichenden Vorschriften des Vertragspartners widerspreche ich hiermit ausdr\u00fccklich. Alle Nebenabsprachen bed\u00fcrfen der schriftlichen Best\u00e4tigung meinerseits. \u00a7 2 Zustandekommen des Vertrages Aufgrund Ihrer m\u00fcndlichen oder schriftlichen Anfrage erhalten Sie von mir f\u00fcr Ihr pers\u00f6nliches Anliegen ein individuelles, unverbindliches Angebot f\u00fcr eine Beratung oder [&hellip;]<\/p>\n","protected":false},"author":1,"featured_media":0,"parent":0,"menu_order":0,"comment_status":"closed","ping_status":"closed","template":"page-templates\/page_fullwidth.php","meta":[],"_links":{"self":[{"href":"https:\/\/tierphysio.andreadetjen.de\/index.php?rest_route=\/wp\/v2\/pages\/116"}],"collection":[{"href":"https:\/\/tierphysio.andreadetjen.de\/index.php?rest_route=\/wp\/v2\/pages"}],"about":[{"href":"https:\/\/tierphysio.andreadetjen.de\/index.php?rest_route=\/wp\/v2\/types\/page"}],"author":[{"embeddable":true,"href":"https:\/\/tierphysio.andreadetjen.de\/index.php?rest_route=\/wp\/v2\/users\/1"}],"replies":[{"embeddable":true,"href":"https:\/\/tierphysio.andreadetjen.de\/index.php?rest_route=%2Fwp%2Fv2%2Fcomments&post=116"}],"version-history":[{"count":10,"href":"https:\/\/tierphysio.andreadetjen.de\/index.php?rest_route=\/wp\/v2\/pages\/116\/revisions"}],"predecessor-version":[{"id":229,"href":"https:\/\/tierphysio.andreadetjen.de\/index.php?rest_route=\/wp\/v2\/pages\/116\/revisions\/229"}],"wp:attachment":[{"href":"https:\/\/tierphysio.andreadetjen.de\/index.php?rest_route=%2Fwp%2Fv2%2Fmedia&parent=116"}],"curies":[{"name":"wp","href":"https:\/\/api.w.org\/{rel}","templated":true}]}}