{"id":129,"date":"2019-02-24T14:16:17","date_gmt":"2019-02-24T14:16:17","guid":{"rendered":"http:\/\/tierphysio.andreadetjen.de\/?page_id=129"},"modified":"2023-02-23T13:05:47","modified_gmt":"2023-02-23T13:05:47","slug":"angebote-tierphysio","status":"publish","type":"page","link":"https:\/\/tierphysio.andreadetjen.de\/?page_id=129","title":{"rendered":"Angebote Tierphysiotherapie"},"content":{"rendered":"\t\t<div data-elementor-type=\"wp-post\" data-elementor-id=\"129\" class=\"elementor elementor-129\">\n\t\t\t\t\t\t<div class=\"elementor-inner\">\n\t\t\t\t<div class=\"elementor-section-wrap\">\n\t\t\t\t\t\t\t\t\t<section class=\"elementor-section elementor-top-section elementor-element elementor-element-9865144 elementor-section-boxed elementor-section-height-default elementor-section-height-default\" data-id=\"9865144\" data-element_type=\"section\">\n\t\t\t\t\t\t<div class=\"elementor-container elementor-column-gap-default\">\n\t\t\t\t\t\t\t<div class=\"elementor-row\">\n\t\t\t\t\t<div class=\"elementor-column elementor-col-100 elementor-top-column elementor-element elementor-element-784a074\" data-id=\"784a074\" data-element_type=\"column\">\n\t\t\t<div class=\"elementor-column-wrap elementor-element-populated\">\n\t\t\t\t\t\t\t<div class=\"elementor-widget-wrap\">\n\t\t\t\t\t\t<div class=\"elementor-element elementor-element-b8cee8b elementor-tabs-view-vertical elementor-widget elementor-widget-tabs\" data-id=\"b8cee8b\" data-element_type=\"widget\" data-widget_type=\"tabs.default\">\n\t\t\t\t<div class=\"elementor-widget-container\">\n\t\t\t\t\t<div class=\"elementor-tabs\">\n\t\t\t<div class=\"elementor-tabs-wrapper\" role=\"tablist\" >\n\t\t\t\t\t\t\t\t\t<div id=\"elementor-tab-title-1931\" class=\"elementor-tab-title elementor-tab-desktop-title\" aria-selected=\"true\" data-tab=\"1\" role=\"tab\" tabindex=\"0\" aria-controls=\"elementor-tab-content-1931\" aria-expanded=\"false\"><a href=\"\">Angebot 1 - Pferd<\/a><\/div>\n\t\t\t\t\t\t\t\t\t<div id=\"elementor-tab-title-1932\" class=\"elementor-tab-title elementor-tab-desktop-title\" aria-selected=\"false\" data-tab=\"2\" role=\"tab\" tabindex=\"-1\" aria-controls=\"elementor-tab-content-1932\" aria-expanded=\"false\"><a href=\"\">Angebot 2 - Pferd<\/a><\/div>\n\t\t\t\t\t\t\t\t\t<div id=\"elementor-tab-title-1933\" class=\"elementor-tab-title elementor-tab-desktop-title\" aria-selected=\"false\" data-tab=\"3\" role=\"tab\" tabindex=\"-1\" aria-controls=\"elementor-tab-content-1933\" aria-expanded=\"false\"><a href=\"\">Angebot 3 - Pferd<\/a><\/div>\n\t\t\t\t\t\t\t\t\t<div id=\"elementor-tab-title-1934\" class=\"elementor-tab-title elementor-tab-desktop-title\" aria-selected=\"false\" data-tab=\"4\" role=\"tab\" tabindex=\"-1\" aria-controls=\"elementor-tab-content-1934\" aria-expanded=\"false\"><a href=\"\">Angebot 4 - Hunde & Katzen<\/a><\/div>\n\t\t\t\t\t\t\t\t\t<div id=\"elementor-tab-title-1935\" class=\"elementor-tab-title elementor-tab-desktop-title\" aria-selected=\"false\" data-tab=\"5\" role=\"tab\" tabindex=\"-1\" aria-controls=\"elementor-tab-content-1935\" aria-expanded=\"false\"><a href=\"\">Angebot 5 - Hunde & Katzen<\/a><\/div>\n\t\t\t\t\t\t\t\t\t<div id=\"elementor-tab-title-1936\" class=\"elementor-tab-title elementor-tab-desktop-title\" aria-selected=\"false\" data-tab=\"6\" role=\"tab\" tabindex=\"-1\" aria-controls=\"elementor-tab-content-1936\" aria-expanded=\"false\"><a href=\"\">Angebot 6 - Hunde & Katzen<\/a><\/div>\n\t\t\t\t\t\t\t\t\t<div id=\"elementor-tab-title-1937\" class=\"elementor-tab-title elementor-tab-desktop-title\" aria-selected=\"false\" data-tab=\"7\" role=\"tab\" tabindex=\"-1\" aria-controls=\"elementor-tab-content-1937\" aria-expanded=\"false\"><a href=\"\">Angebot 7 - Funktionsgymnastik<\/a><\/div>\n\t\t\t\t\t\t\t<\/div>\n\t\t\t<div class=\"elementor-tabs-content-wrapper\" role=\"tablist\" aria-orientation=\"vertical\">\n\t\t\t\t\t\t\t\t\t<div class=\"elementor-tab-title elementor-tab-mobile-title\" aria-selected=\"true\" data-tab=\"1\" role=\"tab\" tabindex=\"0\" aria-controls=\"elementor-tab-content-1931\" aria-expanded=\"false\">Angebot 1 - Pferd<\/div>\n\t\t\t\t\t<div id=\"elementor-tab-content-1931\" class=\"elementor-tab-content elementor-clearfix\" data-tab=\"1\" role=\"tabpanel\" aria-labelledby=\"elementor-tab-title-1931\" tabindex=\"0\" hidden=\"false\"><p><strong>Erstbefund mit individueller Behandlung und Beratung<\/strong><\/p><p><em>Leistungen:\u00a0<\/em><\/p><ul><li>Aufnahme der Krankheitsgeschichte<br \/>Gangbildanalyse<br \/>orthop\u00e4discher Untersuchungsgang<br \/>physiotherapeutische Behandlung<br \/>Erstellung eines \u00dcbungs- und Trainingplans<\/li><\/ul><p>W\u00e4hrend der Untersuchung lasse ich meine Erfahrung aus diversen Weiterbildungen mit in die Behandlung einflie\u00dfen. Jedes Tier hat seine individuelle Geschichte und seine Bed\u00fcrfnisse die man in die Behandlung mit ber\u00fccksichtigen sollte. Ich m\u00f6chte eine kontinuierliche Verbesserung der Lebensqualit\u00e4t Deines Pferdes erreichen.<\/p><p><b>Dauer: <\/b>90min<br \/><b>Kosten:<\/b> 100,00 \u20ac<\/p><p>Jeder weitere Folgetermin:<\/p><p><b>Dauer<\/b>: 60min<br \/><b>Kosten:<\/b> 70,00 \u20ac<\/p><\/div>\n\t\t\t\t\t\t\t\t\t<div class=\"elementor-tab-title elementor-tab-mobile-title\" aria-selected=\"false\" data-tab=\"2\" role=\"tab\" tabindex=\"-1\" aria-controls=\"elementor-tab-content-1932\" aria-expanded=\"false\">Angebot 2 - Pferd<\/div>\n\t\t\t\t\t<div id=\"elementor-tab-content-1932\" class=\"elementor-tab-content elementor-clearfix\" data-tab=\"2\" role=\"tabpanel\" aria-labelledby=\"elementor-tab-title-1932\" tabindex=\"0\" hidden=\"hidden\"><p><b>L\u00f6sungen auf allen Ebenen finden<\/b><\/p><p><em>Leistungen:\u00a0<\/em><\/p><ul><li>Aufnahme der Krankheitsgeschichte<br \/>Gangbildanalyse<br \/>orthop\u00e4discher Untersuchungsgang<br \/>physiotherapeutische Behandlung<br \/>Erstellung eines \u00dcbungs- und Trainingplans<\/li><li>45min Tierkommunikation per Live-Chat<\/li><\/ul><p>W\u00e4hrend der Untersuchung lasse ich meine Erfahrung aus diversen Weiterbildungen mit in die Behandlung einflie\u00dfen. Jedes Tier hat seine individuelle Geschichte und seine Bed\u00fcrfnisse die man in die Behandlung mit ber\u00fccksichtigen sollte. Ich m\u00f6chte eine kontinuierliche Verbesserung der Lebensqualit\u00e4t Deines Pferdes erreichen.<\/p><p><b>Dauer: <\/b>90min + 45min<br \/><b>Kosten: <\/b>139,00 \u20ac<\/p><\/div>\n\t\t\t\t\t\t\t\t\t<div class=\"elementor-tab-title elementor-tab-mobile-title\" aria-selected=\"false\" data-tab=\"3\" role=\"tab\" tabindex=\"-1\" aria-controls=\"elementor-tab-content-1933\" aria-expanded=\"false\">Angebot 3 - Pferd<\/div>\n\t\t\t\t\t<div id=\"elementor-tab-content-1933\" class=\"elementor-tab-content elementor-clearfix\" data-tab=\"3\" role=\"tabpanel\" aria-labelledby=\"elementor-tab-title-1933\" tabindex=\"0\" hidden=\"hidden\"><p><strong>Magnetfeldtherapie &amp; Elektrotherapie<\/strong><\/p><p><em>Leistungen:\u00a0<\/em><\/p><p>Du erh\u00e4lst eine 3er Karte ( 3 Einheiten ) zum Einl\u00f6sen f\u00fcr eine geeignete Therapie.<\/p><p>Eine Einheit dauert ca. 20min<\/p><p>Kosten: 45,00 \u20ac<\/p><\/div>\n\t\t\t\t\t\t\t\t\t<div class=\"elementor-tab-title elementor-tab-mobile-title\" aria-selected=\"false\" data-tab=\"4\" role=\"tab\" tabindex=\"-1\" aria-controls=\"elementor-tab-content-1934\" aria-expanded=\"false\">Angebot 4 - Hunde & Katzen<\/div>\n\t\t\t\t\t<div id=\"elementor-tab-content-1934\" class=\"elementor-tab-content elementor-clearfix\" data-tab=\"4\" role=\"tabpanel\" aria-labelledby=\"elementor-tab-title-1934\" tabindex=\"0\" hidden=\"hidden\"><p><strong>Erstbefund mit individueller Behandung und Beratung<\/strong><\/p><p><em>Leistungen:\u00a0<\/em><\/p><ul><li>Aufnahme der Krankheitsgeschichte<br \/>Gangbildanalyse<br \/>orthop\u00e4discher Untersuchungsgang<br \/>physiotherapeutische Behandlung<br \/>Erstellung eines \u00dcbungs- und Trainingplans<\/li><\/ul><p>W\u00e4hrend der Untersuchung lasse ich meine Erfahrung aus diversen Weiterbildungen mit in die Behandlung einflie\u00dfen. Jedes Tier hat seine individuelle Geschichte und seine Bed\u00fcrfnisse die man in die Behandlung mit ber\u00fccksichtigen sollte. Ich m\u00f6chte eine kontinuierliche Verbesserung der Lebensqualit\u00e4t Deines Hundes erreichen.<\/p><p>Hierbei ist mir die Zusammenarbeit mit den \u00fcberweisenden Tier\u00e4rzten sehr wichtig. Ich habe zus\u00e4tzlich viele Schulungen im Bereich der Neurologie und Orthop\u00e4die absolviert um auf dem neusten Stand der \u00fcblichen Operationstechniken zu bleiben.<\/p><p>Bitte lege zum ersten Termin s\u00e4mtliche OP-Berichte, evtl. R\u00f6ntgen-\/MRT-Bilder sowie eine aktuelle Medikamentenliste f\u00fcr mich bereit.<\/p><p><strong>Dauer:<\/strong> 60min<br \/><strong>Kosten:<\/strong> 50,00 \u20ac<\/p><p>Alle weiteren Folgetermine<\/p><p><strong>Dauer:<\/strong> 30min<br \/><strong>Kosten:<\/strong> 35,00 \u20ac<\/p><\/div>\n\t\t\t\t\t\t\t\t\t<div class=\"elementor-tab-title elementor-tab-mobile-title\" aria-selected=\"false\" data-tab=\"5\" role=\"tab\" tabindex=\"-1\" aria-controls=\"elementor-tab-content-1935\" aria-expanded=\"false\">Angebot 5 - Hunde & Katzen<\/div>\n\t\t\t\t\t<div id=\"elementor-tab-content-1935\" class=\"elementor-tab-content elementor-clearfix\" data-tab=\"5\" role=\"tabpanel\" aria-labelledby=\"elementor-tab-title-1935\" tabindex=\"0\" hidden=\"hidden\"><p><b>L\u00f6sungen auf allen Ebenen finden<\/b><\/p><p><em>Leistungen:\u00a0<\/em><\/p><ul><li>Aufnahme der Krankheitsgeschichte<br \/>Gangbildanalyse<br \/>orthop\u00e4discher Untersuchungsgang<br \/>physiotherapeutische Behandlung<br \/>Erstellung eines \u00dcbungs- und Trainingplans<\/li><li>45min Tierkommunikation per Live-Chat<\/li><\/ul><p>W\u00e4hrend der Untersuchung lasse ich meine Erfahrung aus diversen Weiterbildungen mit in die Behandlung einflie\u00dfen. Jedes Tier hat seine individuelle Geschichte und seine Bed\u00fcrfnisse die man in die Behandlung mit ber\u00fccksichtigen sollte. Ich m\u00f6chte eine kontinuierliche Verbesserung der Lebensqualit\u00e4t Deines Hundes erreichen.<\/p><p>Hierbei ist mir die Zusammenarbeit mit den \u00fcberweisenden Tier\u00e4rzten sehr wichtig. Ich habe zus\u00e4tzlich viele Schulungen im Bereich der Neurologie und Orthop\u00e4die absolviert um auf dem neusten Stand der \u00fcblichen Operationstechniken zu bleiben.<\/p><p>Bitte lege zum ersten Termin s\u00e4mtliche OP-Berichte, evtl. R\u00f6ntgen-\/MRT-Bilder sowie eine aktuelle Medikamentenliste f\u00fcr mich bereit.<\/p><p><b>Dauer: <\/b>60min + 45min<br \/><b>Kosten: <\/b>85,00 \u20ac<\/p><\/div>\n\t\t\t\t\t\t\t\t\t<div class=\"elementor-tab-title elementor-tab-mobile-title\" aria-selected=\"false\" data-tab=\"6\" role=\"tab\" tabindex=\"-1\" aria-controls=\"elementor-tab-content-1936\" aria-expanded=\"false\">Angebot 6 - Hunde & Katzen<\/div>\n\t\t\t\t\t<div id=\"elementor-tab-content-1936\" class=\"elementor-tab-content elementor-clearfix\" data-tab=\"6\" role=\"tabpanel\" aria-labelledby=\"elementor-tab-title-1936\" tabindex=\"0\" hidden=\"hidden\"><p><strong>Magnetfeldtherapie &amp; Elektrotherapie<\/strong><\/p><p><em>Leistungen:\u00a0<\/em><\/p><p>Du erh\u00e4lst eine 3er Karte ( 3 Einheiten ) zum Einl\u00f6sen f\u00fcr eine geeignete Therapie.<\/p><p>Eine Einheit dauert ca. 20min<\/p><p>Kosten: 30,00 \u20ac<\/p><\/div>\n\t\t\t\t\t\t\t\t\t<div class=\"elementor-tab-title elementor-tab-mobile-title\" aria-selected=\"false\" data-tab=\"7\" role=\"tab\" tabindex=\"-1\" aria-controls=\"elementor-tab-content-1937\" aria-expanded=\"false\">Angebot 7 - Funktionsgymnastik<\/div>\n\t\t\t\t\t<div id=\"elementor-tab-content-1937\" class=\"elementor-tab-content elementor-clearfix\" data-tab=\"7\" role=\"tabpanel\" aria-labelledby=\"elementor-tab-title-1937\" tabindex=\"0\" hidden=\"hidden\"><p><strong>Funktionsgymnastik f\u00fcr den Hund in kleinen Gruppen<\/strong><\/p><p><em>Leistungen:<\/em><\/p><ul><li>Gelenkspr\u00fcfung<br \/>Muskulaturspr\u00fcfung<\/li><\/ul><p>Je nach Befunde stelle ich ein individuelles Training f\u00fcr kleine Gruppen ( max. 6 Hunde ) zusammen.<\/p><p>Du erh\u00e4lst eine 5er Karte ( 5 Einheiten ) zum Einl\u00f6sen f\u00fcr eine geeignetes Gruppentraining.<\/p><p>Eine Einheit dauert ca. 45min<\/p><p><strong>Kosten:<\/strong> 75,00 \u20ac<\/p><p style=\"text-align: right;\">*Hunde die bei mir schon den Erstbefund gemacht haben bzw. noch l\u00e4nger am Training teilnehmen m\u00f6chten zahlen nur\u00a0<br \/><strong>49,00 \u20ac f\u00fcr eine 5er Karte<\/strong><\/p><p>Buchungen uns Termine auf Anfrage ab Mai 2019<\/p><p>Wichtig: Um Leerzeiten so gering wie m\u00f6glich zu halten, bitte ich darum Termine mindestens 24 Stunden vorher abzusagen.<\/p><p>\u00a0<\/p><p>\u00a0<\/p><\/div>\n\t\t\t\t\t\t\t<\/div>\n\t\t<\/div>\n\t\t\t\t<\/div>\n\t\t\t\t<\/div>\n\t\t\t\t\t\t<\/div>\n\t\t\t\t\t<\/div>\n\t\t<\/div>\n\t\t\t\t\t\t\t\t<\/div>\n\t\t\t\t\t<\/div>\n\t\t<\/section>\n\t\t\t\t\t\t\t\t\t<\/div>\n\t\t\t<\/div>\n\t\t\t\t\t<\/div>\n\t\t","protected":false},"excerpt":{"rendered":"<p>Angebot 1 &#8211; Pferd Angebot 2 &#8211; Pferd Angebot 3 &#8211; Pferd Angebot 4 &#8211; Hunde &#038; Katzen Angebot 5 &#8211; Hunde &#038; Katzen Angebot 6 &#8211; Hunde &#038; Katzen Angebot 7 &#8211; Funktionsgymnastik Angebot 1 &#8211; Pferd Erstbefund mit individueller Behandlung und Beratung Leistungen:\u00a0 Aufnahme der KrankheitsgeschichteGangbildanalyseorthop\u00e4discher Untersuchungsgangphysiotherapeutische BehandlungErstellung eines \u00dcbungs- und Trainingplans W\u00e4hrend [&hellip;]<\/p>\n","protected":false},"author":1,"featured_media":0,"parent":0,"menu_order":0,"comment_status":"closed","ping_status":"closed","template":"page-templates\/page_fullwidth.php","meta":[],"_links":{"self":[{"href":"https:\/\/tierphysio.andreadetjen.de\/index.php?rest_route=\/wp\/v2\/pages\/129"}],"collection":[{"href":"https:\/\/tierphysio.andreadetjen.de\/index.php?rest_route=\/wp\/v2\/pages"}],"about":[{"href":"https:\/\/tierphysio.andreadetjen.de\/index.php?rest_route=\/wp\/v2\/types\/page"}],"author":[{"embeddable":true,"href":"https:\/\/tierphysio.andreadetjen.de\/index.php?rest_route=\/wp\/v2\/users\/1"}],"replies":[{"embeddable":true,"href":"https:\/\/tierphysio.andreadetjen.de\/index.php?rest_route=%2Fwp%2Fv2%2Fcomments&post=129"}],"version-history":[{"count":30,"href":"https:\/\/tierphysio.andreadetjen.de\/index.php?rest_route=\/wp\/v2\/pages\/129\/revisions"}],"predecessor-version":[{"id":456,"href":"https:\/\/tierphysio.andreadetjen.de\/index.php?rest_route=\/wp\/v2\/pages\/129\/revisions\/456"}],"wp:attachment":[{"href":"https:\/\/tierphysio.andreadetjen.de\/index.php?rest_route=%2Fwp%2Fv2%2Fmedia&parent=129"}],"curies":[{"name":"wp","href":"https:\/\/api.w.org\/{rel}","templated":true}]}}