{"id":131,"date":"2019-02-24T14:16:34","date_gmt":"2019-02-24T14:16:34","guid":{"rendered":"http:\/\/tierphysio.andreadetjen.de\/?page_id=131"},"modified":"2022-03-27T10:05:17","modified_gmt":"2022-03-27T10:05:17","slug":"angebote-tierkommunikation","status":"publish","type":"page","link":"https:\/\/tierphysio.andreadetjen.de\/?page_id=131","title":{"rendered":"Angebote Tierkommunikation"},"content":{"rendered":"\t\t<div data-elementor-type=\"wp-post\" data-elementor-id=\"131\" class=\"elementor elementor-131\">\n\t\t\t\t\t\t<div class=\"elementor-inner\">\n\t\t\t\t<div class=\"elementor-section-wrap\">\n\t\t\t\t\t\t\t\t\t<section class=\"elementor-section elementor-top-section elementor-element elementor-element-529ec33 elementor-section-boxed elementor-section-height-default elementor-section-height-default\" data-id=\"529ec33\" data-element_type=\"section\">\n\t\t\t\t\t\t<div class=\"elementor-container elementor-column-gap-default\">\n\t\t\t\t\t\t\t<div class=\"elementor-row\">\n\t\t\t\t\t<div class=\"elementor-column elementor-col-100 elementor-top-column elementor-element elementor-element-4e9ecf0\" data-id=\"4e9ecf0\" data-element_type=\"column\">\n\t\t\t<div class=\"elementor-column-wrap elementor-element-populated\">\n\t\t\t\t\t\t\t<div class=\"elementor-widget-wrap\">\n\t\t\t\t\t\t<div class=\"elementor-element elementor-element-9b60970 elementor-tabs-view-vertical elementor-widget elementor-widget-tabs\" data-id=\"9b60970\" data-element_type=\"widget\" data-widget_type=\"tabs.default\">\n\t\t\t\t<div class=\"elementor-widget-container\">\n\t\t\t\t\t<div class=\"elementor-tabs\">\n\t\t\t<div class=\"elementor-tabs-wrapper\" role=\"tablist\" >\n\t\t\t\t\t\t\t\t\t<div id=\"elementor-tab-title-1621\" class=\"elementor-tab-title elementor-tab-desktop-title\" aria-selected=\"true\" data-tab=\"1\" role=\"tab\" tabindex=\"0\" aria-controls=\"elementor-tab-content-1621\" aria-expanded=\"false\"><a href=\"\">Angebot 1<\/a><\/div>\n\t\t\t\t\t\t\t\t\t<div id=\"elementor-tab-title-1622\" class=\"elementor-tab-title elementor-tab-desktop-title\" aria-selected=\"false\" data-tab=\"2\" role=\"tab\" tabindex=\"-1\" aria-controls=\"elementor-tab-content-1622\" aria-expanded=\"false\"><a href=\"\">Angebot 2<\/a><\/div>\n\t\t\t\t\t\t\t\t\t<div id=\"elementor-tab-title-1623\" class=\"elementor-tab-title elementor-tab-desktop-title\" aria-selected=\"false\" data-tab=\"3\" role=\"tab\" tabindex=\"-1\" aria-controls=\"elementor-tab-content-1623\" aria-expanded=\"false\"><a href=\"\">Angebot 3<\/a><\/div>\n\t\t\t\t\t\t\t<\/div>\n\t\t\t<div class=\"elementor-tabs-content-wrapper\" role=\"tablist\" aria-orientation=\"vertical\">\n\t\t\t\t\t\t\t\t\t<div class=\"elementor-tab-title elementor-tab-mobile-title\" aria-selected=\"true\" data-tab=\"1\" role=\"tab\" tabindex=\"0\" aria-controls=\"elementor-tab-content-1621\" aria-expanded=\"false\">Angebot 1<\/div>\n\t\t\t\t\t<div id=\"elementor-tab-content-1621\" class=\"elementor-tab-content elementor-clearfix\" data-tab=\"1\" role=\"tabpanel\" aria-labelledby=\"elementor-tab-title-1621\" tabindex=\"0\" hidden=\"false\"><p><strong>Live-Chat\u00a0 &#8211; Lite<\/strong><\/p><p>Du m\u00f6chtest nur ein paar Fragen mit deinem Tier kl\u00e4ren oder die Tierkommunikation f\u00fcr Dich ausprobieren und n\u00e4her kennenlernen?<\/p><p><strong>Dieses Angebot ist ein ganz besonderes Geschenk. z.B f\u00fcr Reitbeteiligungen.<\/strong><\/p><p><em>Leistungen:<\/em><\/p><ul><li>5 Fragen im Live-Chat<\/li><\/ul><p><strong>Kosten:<\/strong> 55,00 \u20ac<\/p><\/div>\n\t\t\t\t\t\t\t\t\t<div class=\"elementor-tab-title elementor-tab-mobile-title\" aria-selected=\"false\" data-tab=\"2\" role=\"tab\" tabindex=\"-1\" aria-controls=\"elementor-tab-content-1622\" aria-expanded=\"false\">Angebot 2<\/div>\n\t\t\t\t\t<div id=\"elementor-tab-content-1622\" class=\"elementor-tab-content elementor-clearfix\" data-tab=\"2\" role=\"tabpanel\" aria-labelledby=\"elementor-tab-title-1622\" tabindex=\"0\" hidden=\"hidden\"><p><strong>Tierkommunikation mit verstorbenen Tieren<\/strong><\/p><p>Du hast dein Tier verloren und es gibt noch ein Thema das dich nicht losl\u00e4sst?<br \/>Gibt es eine Botschaft die du \u00fcbermitteln m\u00f6chtest?<br \/>Gerne stehe ich Dir zur Verf\u00fcgung. Wenn du weitere Fragen hast, melde dich gerne bei mir.<\/p><p><em>Leistungen<\/em><\/p><ul><li>Tierkommunikation mit verstorbenen Tiereen<\/li><\/ul><p><strong>Kosten:<\/strong> 75,00 \u20ac<\/p><\/div>\n\t\t\t\t\t\t\t\t\t<div class=\"elementor-tab-title elementor-tab-mobile-title\" aria-selected=\"false\" data-tab=\"3\" role=\"tab\" tabindex=\"-1\" aria-controls=\"elementor-tab-content-1623\" aria-expanded=\"false\">Angebot 3<\/div>\n\t\t\t\t\t<div id=\"elementor-tab-content-1623\" class=\"elementor-tab-content elementor-clearfix\" data-tab=\"3\" role=\"tabpanel\" aria-labelledby=\"elementor-tab-title-1623\" tabindex=\"0\" hidden=\"hidden\"><p><strong>Energetischer Erstbefund &#8211; Tierkommunikation<\/strong><\/p><p>Du wei\u00dft nicht mehr weiter? Du bist bereits alle Wege\u00a0 &#8211; vom Tierarzt bis zum Heilpraktiker &#8211; gegangen? Es konnte euch trotz aller Bem\u00fchungen bis dato niemand helfen oder unterst\u00fctzen?<\/p><p>In diesem Angebot habe ich all mein Wissen und meine Kompetenz vereint. Ich spreche mit Deinem Tier. Durch dieses Gespr\u00e4ch verschaffe ich mir einen ersten Eindruck. Auf die Bed\u00fcrfnisse Deines Tieres setze ich ganz individuell Methoden wie z.B Quantenheilung ein. Vielleicht braucht Dein Tier eine systematische Aufstellung oder eine schamanische Reise um tiefliegende Probleme aufzudecken und zu l\u00f6sen. Ich tue Alles und mein Bestm\u00f6glichstes damit ihr wieder gemeinsam mit Spa\u00df und Freude durchs Leben gehen k\u00f6nnt.\u00a0<\/p><p>F\u00fcr diesen Befund lasse ich mir viel Zeit. \u00dcber alle Ereignisse erh\u00e4lst Du ein Protokoll und anschlie\u00dfend besprechen wir die Ergebnisse ausf\u00fchrlich zusammen durch. Au\u00dferdem werfe ich einen Blick auf den Trainingsplan deines Tieres und gebe diesbez\u00fcglich Ratschl\u00e4ge.<\/p><p><em>Leistungen:<\/em><\/p><ul><li>Energetischer Erstbefund inkl. Protokoll und Diskussion der Ergebnisse<\/li><\/ul><p><strong>Kosten:<\/strong>\u00a0150,00 \u20ac<\/p><\/div>\n\t\t\t\t\t\t\t<\/div>\n\t\t<\/div>\n\t\t\t\t<\/div>\n\t\t\t\t<\/div>\n\t\t\t\t\t\t<\/div>\n\t\t\t\t\t<\/div>\n\t\t<\/div>\n\t\t\t\t\t\t\t\t<\/div>\n\t\t\t\t\t<\/div>\n\t\t<\/section>\n\t\t\t\t<section class=\"elementor-section elementor-top-section elementor-element elementor-element-192ffce elementor-section-boxed elementor-section-height-default elementor-section-height-default\" data-id=\"192ffce\" data-element_type=\"section\">\n\t\t\t\t\t\t<div class=\"elementor-container elementor-column-gap-default\">\n\t\t\t\t\t\t\t<div class=\"elementor-row\">\n\t\t\t\t\t<div class=\"elementor-column elementor-col-100 elementor-top-column elementor-element elementor-element-62b84fc\" data-id=\"62b84fc\" data-element_type=\"column\">\n\t\t\t<div class=\"elementor-column-wrap elementor-element-populated\">\n\t\t\t\t\t\t\t<div class=\"elementor-widget-wrap\">\n\t\t\t\t\t\t<div class=\"elementor-element elementor-element-4601167 elementor-widget-divider--view-line elementor-widget elementor-widget-divider\" data-id=\"4601167\" data-element_type=\"widget\" data-widget_type=\"divider.default\">\n\t\t\t\t<div class=\"elementor-widget-container\">\n\t\t\t\t\t<div class=\"elementor-divider\">\n\t\t\t<span class=\"elementor-divider-separator\">\n\t\t\t\t\t\t<\/span>\n\t\t<\/div>\n\t\t\t\t<\/div>\n\t\t\t\t<\/div>\n\t\t\t\t\t\t<\/div>\n\t\t\t\t\t<\/div>\n\t\t<\/div>\n\t\t\t\t\t\t\t\t<\/div>\n\t\t\t\t\t<\/div>\n\t\t<\/section>\n\t\t\t\t<section class=\"elementor-section elementor-top-section elementor-element elementor-element-d9b1113 elementor-section-boxed elementor-section-height-default elementor-section-height-default\" data-id=\"d9b1113\" data-element_type=\"section\">\n\t\t\t\t\t\t<div class=\"elementor-container elementor-column-gap-default\">\n\t\t\t\t\t\t\t<div class=\"elementor-row\">\n\t\t\t\t\t<div class=\"elementor-column elementor-col-100 elementor-top-column elementor-element elementor-element-4956692\" data-id=\"4956692\" data-element_type=\"column\">\n\t\t\t<div class=\"elementor-column-wrap elementor-element-populated\">\n\t\t\t\t\t\t\t<div class=\"elementor-widget-wrap\">\n\t\t\t\t\t\t<div class=\"elementor-element elementor-element-8e2f923 elementor-widget elementor-widget-alert\" data-id=\"8e2f923\" data-element_type=\"widget\" data-widget_type=\"alert.default\">\n\t\t\t\t<div class=\"elementor-widget-container\">\n\t\t\t\t\t<div class=\"elementor-alert elementor-alert-info\" role=\"alert\">\n\t\t\t<span class=\"elementor-alert-title\">Hinweis<\/span>\n\t\t\t\t\t\t\t<span class=\"elementor-alert-description\">Tierphysiotherapie \/ Tierkommunikation und \/ oder energetische Heilmethoden sind kein Ersatz f\u00fcr eine tier\u00e4rztliche Diagnose, Behandlung oder Heilkunde im gesetzlichen Sinne.<\/span>\n\t\t\t\t\t\t\t\t\t\t<button type=\"button\" class=\"elementor-alert-dismiss\">\n\t\t\t\t\t<span aria-hidden=\"true\">&times;<\/span>\n\t\t\t\t\t<span class=\"elementor-screen-only\">Warnung verwerfen<\/span>\n\t\t\t\t<\/button>\n\t\t\t\t\t<\/div>\n\t\t\t\t<\/div>\n\t\t\t\t<\/div>\n\t\t\t\t\t\t<\/div>\n\t\t\t\t\t<\/div>\n\t\t<\/div>\n\t\t\t\t\t\t\t\t<\/div>\n\t\t\t\t\t<\/div>\n\t\t<\/section>\n\t\t\t\t\t\t\t\t\t<\/div>\n\t\t\t<\/div>\n\t\t\t\t\t<\/div>\n\t\t","protected":false},"excerpt":{"rendered":"<p>Angebot 1 Angebot 2 Angebot 3 Angebot 1 Live-Chat\u00a0 &#8211; Lite Du m\u00f6chtest nur ein paar Fragen mit deinem Tier kl\u00e4ren oder die Tierkommunikation f\u00fcr Dich ausprobieren und n\u00e4her kennenlernen? Dieses Angebot ist ein ganz besonderes Geschenk. z.B f\u00fcr Reitbeteiligungen. Leistungen: 5 Fragen im Live-Chat Kosten: 55,00 \u20ac Angebot 2 Tierkommunikation mit verstorbenen Tieren Du [&hellip;]<\/p>\n","protected":false},"author":1,"featured_media":0,"parent":0,"menu_order":0,"comment_status":"closed","ping_status":"closed","template":"page-templates\/page_fullwidth.php","meta":[],"_links":{"self":[{"href":"https:\/\/tierphysio.andreadetjen.de\/index.php?rest_route=\/wp\/v2\/pages\/131"}],"collection":[{"href":"https:\/\/tierphysio.andreadetjen.de\/index.php?rest_route=\/wp\/v2\/pages"}],"about":[{"href":"https:\/\/tierphysio.andreadetjen.de\/index.php?rest_route=\/wp\/v2\/types\/page"}],"author":[{"embeddable":true,"href":"https:\/\/tierphysio.andreadetjen.de\/index.php?rest_route=\/wp\/v2\/users\/1"}],"replies":[{"embeddable":true,"href":"https:\/\/tierphysio.andreadetjen.de\/index.php?rest_route=%2Fwp%2Fv2%2Fcomments&post=131"}],"version-history":[{"count":13,"href":"https:\/\/tierphysio.andreadetjen.de\/index.php?rest_route=\/wp\/v2\/pages\/131\/revisions"}],"predecessor-version":[{"id":448,"href":"https:\/\/tierphysio.andreadetjen.de\/index.php?rest_route=\/wp\/v2\/pages\/131\/revisions\/448"}],"wp:attachment":[{"href":"https:\/\/tierphysio.andreadetjen.de\/index.php?rest_route=%2Fwp%2Fv2%2Fmedia&parent=131"}],"curies":[{"name":"wp","href":"https:\/\/api.w.org\/{rel}","templated":true}]}}