{"id":227,"date":"2019-04-10T18:42:43","date_gmt":"2019-04-10T18:42:43","guid":{"rendered":"http:\/\/tierphysio.andreadetjen.de\/?page_id=227"},"modified":"2021-01-23T12:36:26","modified_gmt":"2021-01-23T12:36:26","slug":"start","status":"publish","type":"page","link":"https:\/\/tierphysio.andreadetjen.de\/","title":{"rendered":"Start"},"content":{"rendered":"\t\t<div data-elementor-type=\"wp-post\" data-elementor-id=\"227\" class=\"elementor elementor-227\">\n\t\t\t\t\t\t<div class=\"elementor-inner\">\n\t\t\t\t<div class=\"elementor-section-wrap\">\n\t\t\t\t\t\t\t\t\t<section class=\"elementor-section elementor-top-section elementor-element elementor-element-1065e4b elementor-section-boxed elementor-section-height-default elementor-section-height-default\" data-id=\"1065e4b\" data-element_type=\"section\">\n\t\t\t\t\t\t<div class=\"elementor-container elementor-column-gap-default\">\n\t\t\t\t\t\t\t<div class=\"elementor-row\">\n\t\t\t\t\t<div class=\"elementor-column elementor-col-100 elementor-top-column elementor-element elementor-element-e6fd028\" data-id=\"e6fd028\" data-element_type=\"column\">\n\t\t\t<div class=\"elementor-column-wrap elementor-element-populated\">\n\t\t\t\t\t\t\t<div class=\"elementor-widget-wrap\">\n\t\t\t\t\t\t<div class=\"elementor-element elementor-element-eba5d63 elementor-widget elementor-widget-heading\" data-id=\"eba5d63\" data-element_type=\"widget\" data-widget_type=\"heading.default\">\n\t\t\t\t<div class=\"elementor-widget-container\">\n\t\t\t<h2 class=\"elementor-heading-title elementor-size-xxl\">VORSORGE STATT SORGE F\u00dcR IHR TIER<\/h2>\t\t<\/div>\n\t\t\t\t<\/div>\n\t\t\t\t\t\t<\/div>\n\t\t\t\t\t<\/div>\n\t\t<\/div>\n\t\t\t\t\t\t\t\t<\/div>\n\t\t\t\t\t<\/div>\n\t\t<\/section>\n\t\t\t\t<section class=\"elementor-section elementor-top-section elementor-element elementor-element-d898650 elementor-section-boxed elementor-section-height-default elementor-section-height-default\" data-id=\"d898650\" data-element_type=\"section\">\n\t\t\t\t\t\t<div class=\"elementor-container elementor-column-gap-default\">\n\t\t\t\t\t\t\t<div class=\"elementor-row\">\n\t\t\t\t\t<div class=\"elementor-column elementor-col-100 elementor-top-column elementor-element elementor-element-b9421c9\" data-id=\"b9421c9\" data-element_type=\"column\">\n\t\t\t<div class=\"elementor-column-wrap elementor-element-populated\">\n\t\t\t\t\t\t\t<div class=\"elementor-widget-wrap\">\n\t\t\t\t\t\t<div class=\"elementor-element elementor-element-d13fcb6 elementor-widget-divider--view-line elementor-widget elementor-widget-divider\" data-id=\"d13fcb6\" data-element_type=\"widget\" data-widget_type=\"divider.default\">\n\t\t\t\t<div class=\"elementor-widget-container\">\n\t\t\t\t\t<div class=\"elementor-divider\">\n\t\t\t<span class=\"elementor-divider-separator\">\n\t\t\t\t\t\t<\/span>\n\t\t<\/div>\n\t\t\t\t<\/div>\n\t\t\t\t<\/div>\n\t\t\t\t\t\t<\/div>\n\t\t\t\t\t<\/div>\n\t\t<\/div>\n\t\t\t\t\t\t\t\t<\/div>\n\t\t\t\t\t<\/div>\n\t\t<\/section>\n\t\t\t\t<section class=\"elementor-section elementor-top-section elementor-element elementor-element-4f252c8 elementor-section-boxed elementor-section-height-default elementor-section-height-default\" data-id=\"4f252c8\" data-element_type=\"section\">\n\t\t\t\t\t\t<div class=\"elementor-container elementor-column-gap-default\">\n\t\t\t\t\t\t\t<div class=\"elementor-row\">\n\t\t\t\t\t<div class=\"elementor-column elementor-col-100 elementor-top-column elementor-element elementor-element-f9b6962\" data-id=\"f9b6962\" data-element_type=\"column\">\n\t\t\t<div class=\"elementor-column-wrap elementor-element-populated\">\n\t\t\t\t\t\t\t<div class=\"elementor-widget-wrap\">\n\t\t\t\t\t\t<div class=\"elementor-element elementor-element-601c29a elementor-invisible elementor-widget elementor-widget-text-editor\" data-id=\"601c29a\" data-element_type=\"widget\" data-settings=\"{&quot;_animation&quot;:&quot;slideInLeft&quot;}\" data-widget_type=\"text-editor.default\">\n\t\t\t\t<div class=\"elementor-widget-container\">\n\t\t\t\t\t\t\t\t<div class=\"elementor-text-editor elementor-clearfix\">\n\t\t\t\t<h3 style=\"text-align: center;\">Lassen Sie uns gemeinsam einen Weg finden, Ihr Tier zu unterst\u00fctzen und zu f\u00f6rdern<\/h3>\t\t\t\t\t<\/div>\n\t\t\t\t\t\t<\/div>\n\t\t\t\t<\/div>\n\t\t\t\t\t\t<\/div>\n\t\t\t\t\t<\/div>\n\t\t<\/div>\n\t\t\t\t\t\t\t\t<\/div>\n\t\t\t\t\t<\/div>\n\t\t<\/section>\n\t\t\t\t<section class=\"elementor-section elementor-top-section elementor-element elementor-element-d8f752a elementor-section-boxed elementor-section-height-default elementor-section-height-default\" data-id=\"d8f752a\" data-element_type=\"section\">\n\t\t\t\t\t\t<div class=\"elementor-container elementor-column-gap-default\">\n\t\t\t\t\t\t\t<div class=\"elementor-row\">\n\t\t\t\t\t<div class=\"elementor-column elementor-col-100 elementor-top-column elementor-element elementor-element-b6fc12e\" data-id=\"b6fc12e\" data-element_type=\"column\">\n\t\t\t<div class=\"elementor-column-wrap elementor-element-populated\">\n\t\t\t\t\t\t\t<div class=\"elementor-widget-wrap\">\n\t\t\t\t\t\t<div class=\"elementor-element elementor-element-85f6edd elementor-invisible elementor-widget elementor-widget-text-editor\" data-id=\"85f6edd\" data-element_type=\"widget\" data-settings=\"{&quot;_animation&quot;:&quot;slideInRight&quot;}\" data-widget_type=\"text-editor.default\">\n\t\t\t\t<div class=\"elementor-widget-container\">\n\t\t\t\t\t\t\t\t<div class=\"elementor-text-editor elementor-clearfix\">\n\t\t\t\t<h3 style=\"text-align: center;\">Damit Sie zusammen mit Ihrem Tier aktiv und voller Lebensfreude durchs Leben gehen k\u00f6nnen<\/h3>\t\t\t\t\t<\/div>\n\t\t\t\t\t\t<\/div>\n\t\t\t\t<\/div>\n\t\t\t\t<div class=\"elementor-element elementor-element-987b29a elementor-widget elementor-widget-spacer\" data-id=\"987b29a\" data-element_type=\"widget\" data-widget_type=\"spacer.default\">\n\t\t\t\t<div class=\"elementor-widget-container\">\n\t\t\t\t\t<div class=\"elementor-spacer\">\n\t\t\t<div class=\"elementor-spacer-inner\"><\/div>\n\t\t<\/div>\n\t\t\t\t<\/div>\n\t\t\t\t<\/div>\n\t\t\t\t\t\t<\/div>\n\t\t\t\t\t<\/div>\n\t\t<\/div>\n\t\t\t\t\t\t\t\t<\/div>\n\t\t\t\t\t<\/div>\n\t\t<\/section>\n\t\t\t\t<section class=\"elementor-section elementor-top-section elementor-element elementor-element-96b6c01 elementor-section-boxed elementor-section-height-default elementor-section-height-default\" data-id=\"96b6c01\" data-element_type=\"section\">\n\t\t\t\t\t\t<div class=\"elementor-container elementor-column-gap-default\">\n\t\t\t\t\t\t\t<div class=\"elementor-row\">\n\t\t\t\t\t<div class=\"elementor-column elementor-col-100 elementor-top-column elementor-element elementor-element-10ab2bc\" data-id=\"10ab2bc\" data-element_type=\"column\">\n\t\t\t<div class=\"elementor-column-wrap elementor-element-populated\">\n\t\t\t\t\t\t\t<div class=\"elementor-widget-wrap\">\n\t\t\t\t\t\t<div class=\"elementor-element elementor-element-3c911b7 elementor-widget elementor-widget-text-editor\" data-id=\"3c911b7\" data-element_type=\"widget\" data-widget_type=\"text-editor.default\">\n\t\t\t\t<div class=\"elementor-widget-container\">\n\t\t\t\t\t\t\t\t<div class=\"elementor-text-editor elementor-clearfix\">\n\t\t\t\t<h4 style=\"text-align: center;\">Erfahrt mehr \u00fcber mich und mein Angebot.<\/h4><h4 style=\"text-align: center;\">Tierphysiotherapie , Tierkommunikation und Massagen f\u00fcr Dich und Dein Tier\u00a0<\/h4>\t\t\t\t\t<\/div>\n\t\t\t\t\t\t<\/div>\n\t\t\t\t<\/div>\n\t\t\t\t\t\t<\/div>\n\t\t\t\t\t<\/div>\n\t\t<\/div>\n\t\t\t\t\t\t\t\t<\/div>\n\t\t\t\t\t<\/div>\n\t\t<\/section>\n\t\t\t\t<section class=\"elementor-section elementor-top-section elementor-element elementor-element-862c033 elementor-section-boxed elementor-section-height-default elementor-section-height-default\" data-id=\"862c033\" data-element_type=\"section\">\n\t\t\t\t\t\t<div class=\"elementor-container elementor-column-gap-default\">\n\t\t\t\t\t\t\t<div class=\"elementor-row\">\n\t\t\t\t\t<div class=\"elementor-column elementor-col-100 elementor-top-column elementor-element elementor-element-7cc1454\" data-id=\"7cc1454\" data-element_type=\"column\">\n\t\t\t<div class=\"elementor-column-wrap elementor-element-populated\">\n\t\t\t\t\t\t\t<div class=\"elementor-widget-wrap\">\n\t\t\t\t\t\t<div class=\"elementor-element elementor-element-8c2592e elementor-widget-divider--view-line elementor-widget elementor-widget-divider\" data-id=\"8c2592e\" data-element_type=\"widget\" data-widget_type=\"divider.default\">\n\t\t\t\t<div class=\"elementor-widget-container\">\n\t\t\t\t\t<div class=\"elementor-divider\">\n\t\t\t<span class=\"elementor-divider-separator\">\n\t\t\t\t\t\t<\/span>\n\t\t<\/div>\n\t\t\t\t<\/div>\n\t\t\t\t<\/div>\n\t\t\t\t\t\t<\/div>\n\t\t\t\t\t<\/div>\n\t\t<\/div>\n\t\t\t\t\t\t\t\t<\/div>\n\t\t\t\t\t<\/div>\n\t\t<\/section>\n\t\t\t\t<section class=\"elementor-section elementor-top-section elementor-element elementor-element-e32a98c elementor-section-boxed elementor-section-height-default elementor-section-height-default\" data-id=\"e32a98c\" data-element_type=\"section\">\n\t\t\t\t\t\t<div class=\"elementor-container elementor-column-gap-default\">\n\t\t\t\t\t\t\t<div class=\"elementor-row\">\n\t\t\t\t\t<div class=\"elementor-column elementor-col-100 elementor-top-column elementor-element elementor-element-c99bbc2\" data-id=\"c99bbc2\" data-element_type=\"column\">\n\t\t\t<div class=\"elementor-column-wrap elementor-element-populated\">\n\t\t\t\t\t\t\t<div class=\"elementor-widget-wrap\">\n\t\t\t\t\t\t<div class=\"elementor-element elementor-element-3024b3e elementor-widget elementor-widget-spacer\" data-id=\"3024b3e\" data-element_type=\"widget\" data-widget_type=\"spacer.default\">\n\t\t\t\t<div class=\"elementor-widget-container\">\n\t\t\t\t\t<div class=\"elementor-spacer\">\n\t\t\t<div class=\"elementor-spacer-inner\"><\/div>\n\t\t<\/div>\n\t\t\t\t<\/div>\n\t\t\t\t<\/div>\n\t\t\t\t<div class=\"elementor-element elementor-element-5f7d8ee gallery-spacing-custom elementor-invisible elementor-widget elementor-widget-image-gallery\" data-id=\"5f7d8ee\" data-element_type=\"widget\" data-settings=\"{&quot;_animation&quot;:&quot;fadeIn&quot;}\" data-widget_type=\"image-gallery.default\">\n\t\t\t\t<div class=\"elementor-widget-container\">\n\t\t\t\t\t<div class=\"elementor-image-gallery\">\n\t\t\t<div id='gallery-1' class='gallery galleryid-227 gallery-columns-3 gallery-size-sydney-medium-thumb'><figure class='gallery-item'>\n\t\t\t<div class='gallery-icon portrait'>\n\t\t\t\t<a data-elementor-open-lightbox=\"yes\" data-elementor-lightbox-slideshow=\"5f7d8ee\" data-elementor-lightbox-title=\"122_Andrea und Bela_\" e-action-hash=\"#elementor-action%3Aaction%3Dlightbox%26settings%3DeyJpZCI6Mzk3LCJ1cmwiOiJodHRwczpcL1wvdGllcnBoeXNpby5hbmRyZWFkZXRqZW4uZGVcL3dwLWNvbnRlbnRcL3VwbG9hZHNcLzIwMjFcLzAxXC8xMjJfQW5kcmVhLXVuZC1CZWxhXy1zY2FsZWQuanBnIiwic2xpZGVzaG93IjoiNWY3ZDhlZSJ9\" href='https:\/\/tierphysio.andreadetjen.de\/wp-content\/uploads\/2021\/01\/122_Andrea-und-Bela_-scaled.jpg'><img width=\"550\" height=\"400\" src=\"https:\/\/tierphysio.andreadetjen.de\/wp-content\/uploads\/2021\/01\/122_Andrea-und-Bela_-550x400.jpg\" class=\"attachment-sydney-medium-thumb size-sydney-medium-thumb\" alt=\"\" decoding=\"async\" loading=\"lazy\" \/><\/a>\n\t\t\t<\/div><\/figure><figure class='gallery-item'>\n\t\t\t<div class='gallery-icon landscape'>\n\t\t\t\t<a data-elementor-open-lightbox=\"yes\" data-elementor-lightbox-slideshow=\"5f7d8ee\" data-elementor-lightbox-title=\"017 AndreaDetjen01_2019\" e-action-hash=\"#elementor-action%3Aaction%3Dlightbox%26settings%3DeyJpZCI6MjY1LCJ1cmwiOiJodHRwczpcL1wvdGllcnBoeXNpby5hbmRyZWFkZXRqZW4uZGVcL3dwLWNvbnRlbnRcL3VwbG9hZHNcLzIwMTlcLzA0XC8wMTctQW5kcmVhRGV0amVuMDFfMjAxOS0uanBnIiwic2xpZGVzaG93IjoiNWY3ZDhlZSJ9\" href='https:\/\/tierphysio.andreadetjen.de\/wp-content\/uploads\/2019\/04\/017-AndreaDetjen01_2019-.jpg'><img width=\"550\" height=\"400\" src=\"https:\/\/tierphysio.andreadetjen.de\/wp-content\/uploads\/2019\/04\/017-AndreaDetjen01_2019--550x400.jpg\" class=\"attachment-sydney-medium-thumb size-sydney-medium-thumb\" alt=\"\" decoding=\"async\" loading=\"lazy\" \/><\/a>\n\t\t\t<\/div><\/figure><figure class='gallery-item'>\n\t\t\t<div class='gallery-icon portrait'>\n\t\t\t\t<a data-elementor-open-lightbox=\"yes\" data-elementor-lightbox-slideshow=\"5f7d8ee\" data-elementor-lightbox-title=\"009_Andrea und Bela_\" e-action-hash=\"#elementor-action%3Aaction%3Dlightbox%26settings%3DeyJpZCI6NDA2LCJ1cmwiOiJodHRwczpcL1wvdGllcnBoeXNpby5hbmRyZWFkZXRqZW4uZGVcL3dwLWNvbnRlbnRcL3VwbG9hZHNcLzIwMjFcLzAxXC8wMDlfQW5kcmVhLXVuZC1CZWxhXy1zY2FsZWQuanBnIiwic2xpZGVzaG93IjoiNWY3ZDhlZSJ9\" href='https:\/\/tierphysio.andreadetjen.de\/wp-content\/uploads\/2021\/01\/009_Andrea-und-Bela_-scaled.jpg'><img width=\"550\" height=\"400\" src=\"https:\/\/tierphysio.andreadetjen.de\/wp-content\/uploads\/2021\/01\/009_Andrea-und-Bela_-550x400.jpg\" class=\"attachment-sydney-medium-thumb size-sydney-medium-thumb\" alt=\"\" decoding=\"async\" loading=\"lazy\" \/><\/a>\n\t\t\t<\/div><\/figure><figure class='gallery-item'>\n\t\t\t<div class='gallery-icon landscape'>\n\t\t\t\t<a data-elementor-open-lightbox=\"yes\" data-elementor-lightbox-slideshow=\"5f7d8ee\" data-elementor-lightbox-title=\"DSC02423\" e-action-hash=\"#elementor-action%3Aaction%3Dlightbox%26settings%3DeyJpZCI6MjYxLCJ1cmwiOiJodHRwczpcL1wvdGllcnBoeXNpby5hbmRyZWFkZXRqZW4uZGVcL3dwLWNvbnRlbnRcL3VwbG9hZHNcLzIwMTlcLzA0XC9EU0MwMjQyMy5qcGciLCJzbGlkZXNob3ciOiI1ZjdkOGVlIn0%3D\" href='https:\/\/tierphysio.andreadetjen.de\/wp-content\/uploads\/2019\/04\/DSC02423.jpg'><img width=\"550\" height=\"400\" src=\"https:\/\/tierphysio.andreadetjen.de\/wp-content\/uploads\/2019\/04\/DSC02423-550x400.jpg\" class=\"attachment-sydney-medium-thumb size-sydney-medium-thumb\" alt=\"\" decoding=\"async\" loading=\"lazy\" \/><\/a>\n\t\t\t<\/div><\/figure><figure class='gallery-item'>\n\t\t\t<div class='gallery-icon landscape'>\n\t\t\t\t<a data-elementor-open-lightbox=\"yes\" data-elementor-lightbox-slideshow=\"5f7d8ee\" data-elementor-lightbox-title=\"DSC02368\" e-action-hash=\"#elementor-action%3Aaction%3Dlightbox%26settings%3DeyJpZCI6MjYyLCJ1cmwiOiJodHRwczpcL1wvdGllcnBoeXNpby5hbmRyZWFkZXRqZW4uZGVcL3dwLWNvbnRlbnRcL3VwbG9hZHNcLzIwMTlcLzA0XC9EU0MwMjM2OC5qcGciLCJzbGlkZXNob3ciOiI1ZjdkOGVlIn0%3D\" href='https:\/\/tierphysio.andreadetjen.de\/wp-content\/uploads\/2019\/04\/DSC02368.jpg'><img width=\"550\" height=\"400\" src=\"https:\/\/tierphysio.andreadetjen.de\/wp-content\/uploads\/2019\/04\/DSC02368-550x400.jpg\" class=\"attachment-sydney-medium-thumb size-sydney-medium-thumb\" alt=\"\" decoding=\"async\" loading=\"lazy\" \/><\/a>\n\t\t\t<\/div><\/figure><figure class='gallery-item'>\n\t\t\t<div class='gallery-icon landscape'>\n\t\t\t\t<a data-elementor-open-lightbox=\"yes\" data-elementor-lightbox-slideshow=\"5f7d8ee\" data-elementor-lightbox-title=\"Young Living Catalog Shoot 3\/2009\" e-action-hash=\"#elementor-action%3Aaction%3Dlightbox%26settings%3DeyJpZCI6MjU1LCJ1cmwiOiJodHRwczpcL1wvdGllcnBoeXNpby5hbmRyZWFkZXRqZW4uZGVcL3dwLWNvbnRlbnRcL3VwbG9hZHNcLzIwMTlcLzA0XC8zNzA1NTMzNTAwXzQxNjY1NmJjNTJfei5qcGciLCJzbGlkZXNob3ciOiI1ZjdkOGVlIn0%3D\" href='https:\/\/tierphysio.andreadetjen.de\/wp-content\/uploads\/2019\/04\/3705533500_416656bc52_z.jpg'><img width=\"550\" height=\"400\" src=\"https:\/\/tierphysio.andreadetjen.de\/wp-content\/uploads\/2019\/04\/3705533500_416656bc52_z-550x400.jpg\" class=\"attachment-sydney-medium-thumb size-sydney-medium-thumb\" alt=\"\" decoding=\"async\" loading=\"lazy\" \/><\/a>\n\t\t\t<\/div><\/figure><figure class='gallery-item'>\n\t\t\t<div class='gallery-icon landscape'>\n\t\t\t\t<a data-elementor-open-lightbox=\"yes\" data-elementor-lightbox-slideshow=\"5f7d8ee\" data-elementor-lightbox-title=\"DSC02365\" e-action-hash=\"#elementor-action%3Aaction%3Dlightbox%26settings%3DeyJpZCI6MjU5LCJ1cmwiOiJodHRwczpcL1wvdGllcnBoeXNpby5hbmRyZWFkZXRqZW4uZGVcL3dwLWNvbnRlbnRcL3VwbG9hZHNcLzIwMTlcLzA0XC9EU0MwMjM2NS5qcGciLCJzbGlkZXNob3ciOiI1ZjdkOGVlIn0%3D\" href='https:\/\/tierphysio.andreadetjen.de\/wp-content\/uploads\/2019\/04\/DSC02365.jpg'><img width=\"550\" height=\"400\" src=\"https:\/\/tierphysio.andreadetjen.de\/wp-content\/uploads\/2019\/04\/DSC02365-550x400.jpg\" class=\"attachment-sydney-medium-thumb size-sydney-medium-thumb\" alt=\"\" decoding=\"async\" loading=\"lazy\" \/><\/a>\n\t\t\t<\/div><\/figure><figure class='gallery-item'>\n\t\t\t<div class='gallery-icon portrait'>\n\t\t\t\t<a data-elementor-open-lightbox=\"yes\" data-elementor-lightbox-slideshow=\"5f7d8ee\" data-elementor-lightbox-title=\"A67C7E36-D1FF-475E-BE33-0CE341266AC4\" e-action-hash=\"#elementor-action%3Aaction%3Dlightbox%26settings%3DeyJpZCI6NDAwLCJ1cmwiOiJodHRwczpcL1wvdGllcnBoeXNpby5hbmRyZWFkZXRqZW4uZGVcL3dwLWNvbnRlbnRcL3VwbG9hZHNcLzIwMjFcLzAxXC9BNjdDN0UzNi1EMUZGLTQ3NUUtQkUzMy0wQ0UzNDEyNjZBQzQtc2NhbGVkLmpwZyIsInNsaWRlc2hvdyI6IjVmN2Q4ZWUifQ%3D%3D\" href='https:\/\/tierphysio.andreadetjen.de\/wp-content\/uploads\/2021\/01\/A67C7E36-D1FF-475E-BE33-0CE341266AC4-scaled.jpg'><img width=\"550\" height=\"400\" src=\"https:\/\/tierphysio.andreadetjen.de\/wp-content\/uploads\/2021\/01\/A67C7E36-D1FF-475E-BE33-0CE341266AC4-550x400.jpg\" class=\"attachment-sydney-medium-thumb size-sydney-medium-thumb\" alt=\"\" decoding=\"async\" loading=\"lazy\" \/><\/a>\n\t\t\t<\/div><\/figure><figure class='gallery-item'>\n\t\t\t<div class='gallery-icon landscape'>\n\t\t\t\t<a data-elementor-open-lightbox=\"yes\" data-elementor-lightbox-slideshow=\"5f7d8ee\" data-elementor-lightbox-title=\"DSC02377\" e-action-hash=\"#elementor-action%3Aaction%3Dlightbox%26settings%3DeyJpZCI6MjYwLCJ1cmwiOiJodHRwczpcL1wvdGllcnBoeXNpby5hbmRyZWFkZXRqZW4uZGVcL3dwLWNvbnRlbnRcL3VwbG9hZHNcLzIwMTlcLzA0XC9EU0MwMjM3Ny5qcGciLCJzbGlkZXNob3ciOiI1ZjdkOGVlIn0%3D\" href='https:\/\/tierphysio.andreadetjen.de\/wp-content\/uploads\/2019\/04\/DSC02377.jpg'><img width=\"550\" height=\"400\" src=\"https:\/\/tierphysio.andreadetjen.de\/wp-content\/uploads\/2019\/04\/DSC02377-550x400.jpg\" class=\"attachment-sydney-medium-thumb size-sydney-medium-thumb\" alt=\"\" decoding=\"async\" loading=\"lazy\" \/><\/a>\n\t\t\t<\/div><\/figure>\n\t\t<\/div>\n\t\t<\/div>\n\t\t\t\t<\/div>\n\t\t\t\t<\/div>\n\t\t\t\t\t\t<\/div>\n\t\t\t\t\t<\/div>\n\t\t<\/div>\n\t\t\t\t\t\t\t\t<\/div>\n\t\t\t\t\t<\/div>\n\t\t<\/section>\n\t\t\t\t<section class=\"elementor-section elementor-top-section elementor-element elementor-element-f1e89ad elementor-section-boxed elementor-section-height-default elementor-section-height-default\" data-id=\"f1e89ad\" data-element_type=\"section\">\n\t\t\t\t\t\t<div class=\"elementor-container elementor-column-gap-default\">\n\t\t\t\t\t\t\t<div class=\"elementor-row\">\n\t\t\t\t\t<div class=\"elementor-column elementor-col-100 elementor-top-column elementor-element elementor-element-40a65ec\" data-id=\"40a65ec\" data-element_type=\"column\">\n\t\t\t<div class=\"elementor-column-wrap elementor-element-populated\">\n\t\t\t\t\t\t\t<div class=\"elementor-widget-wrap\">\n\t\t\t\t\t\t<div class=\"elementor-element elementor-element-522717c elementor-shape-circle elementor-grid-0 e-grid-align-center elementor-widget elementor-widget-social-icons\" data-id=\"522717c\" data-element_type=\"widget\" data-widget_type=\"social-icons.default\">\n\t\t\t\t<div class=\"elementor-widget-container\">\n\t\t\t\t\t<div class=\"elementor-social-icons-wrapper elementor-grid\">\n\t\t\t\t\t\t\t<span class=\"elementor-grid-item\">\n\t\t\t\t\t<a class=\"elementor-icon elementor-social-icon elementor-social-icon-facebook elementor-repeater-item-78a7056\" href=\"https:\/\/www.facebook.com\/Tierphysiotherapie-Ahlerstedt-954066904619483\/\" target=\"_blank\">\n\t\t\t\t\t\t<span class=\"elementor-screen-only\">Facebook<\/span>\n\t\t\t\t\t\t\t\t\t\t\t\t\t<i class=\"fa fa-facebook\"><\/i>\n\t\t\t\t\t\t\t\t\t\t\t<\/a>\n\t\t\t\t<\/span>\n\t\t\t\t\t\t\t<span class=\"elementor-grid-item\">\n\t\t\t\t\t<a class=\"elementor-icon elementor-social-icon elementor-social-icon-whatsapp elementor-repeater-item-006bb43\" target=\"_blank\">\n\t\t\t\t\t\t<span class=\"elementor-screen-only\">Whatsapp<\/span>\n\t\t\t\t\t\t\t\t\t\t\t\t\t<i class=\"fa fa-whatsapp\"><\/i>\n\t\t\t\t\t\t\t\t\t\t\t<\/a>\n\t\t\t\t<\/span>\n\t\t\t\t\t<\/div>\n\t\t\t\t<\/div>\n\t\t\t\t<\/div>\n\t\t\t\t\t\t<\/div>\n\t\t\t\t\t<\/div>\n\t\t<\/div>\n\t\t\t\t\t\t\t\t<\/div>\n\t\t\t\t\t<\/div>\n\t\t<\/section>\n\t\t\t\t<section class=\"elementor-section elementor-top-section elementor-element elementor-element-43357a6 elementor-section-boxed elementor-section-height-default elementor-section-height-default\" data-id=\"43357a6\" data-element_type=\"section\">\n\t\t\t\t\t\t<div class=\"elementor-container elementor-column-gap-default\">\n\t\t\t\t\t\t\t<div class=\"elementor-row\">\n\t\t\t\t\t<div class=\"elementor-column elementor-col-100 elementor-top-column elementor-element elementor-element-3982c53\" data-id=\"3982c53\" data-element_type=\"column\">\n\t\t\t<div class=\"elementor-column-wrap elementor-element-populated\">\n\t\t\t\t\t\t\t<div class=\"elementor-widget-wrap\">\n\t\t\t\t\t\t<div class=\"elementor-element elementor-element-8fc9d1e elementor-widget elementor-widget-text-editor\" data-id=\"8fc9d1e\" data-element_type=\"widget\" data-widget_type=\"text-editor.default\">\n\t\t\t\t<div class=\"elementor-widget-container\">\n\t\t\t\t\t\t\t\t<div class=\"elementor-text-editor elementor-clearfix\">\n\t\t\t\t<h5 style=\"text-align: center;\">Mehr Informationen zu Seminaren, Workshops &amp; Vortr\u00e4gen sowie zu den Terminen findet ihr hier<\/h5>\t\t\t\t\t<\/div>\n\t\t\t\t\t\t<\/div>\n\t\t\t\t<\/div>\n\t\t\t\t\t\t<\/div>\n\t\t\t\t\t<\/div>\n\t\t<\/div>\n\t\t\t\t\t\t\t\t<\/div>\n\t\t\t\t\t<\/div>\n\t\t<\/section>\n\t\t\t\t<section class=\"elementor-section elementor-top-section elementor-element elementor-element-732e434 elementor-section-boxed elementor-section-height-default elementor-section-height-default\" data-id=\"732e434\" data-element_type=\"section\">\n\t\t\t\t\t\t<div class=\"elementor-container elementor-column-gap-default\">\n\t\t\t\t\t\t\t<div class=\"elementor-row\">\n\t\t\t\t\t<div class=\"elementor-column elementor-col-100 elementor-top-column elementor-element elementor-element-d535d99\" data-id=\"d535d99\" data-element_type=\"column\">\n\t\t\t<div class=\"elementor-column-wrap elementor-element-populated\">\n\t\t\t\t\t\t\t<div class=\"elementor-widget-wrap\">\n\t\t\t\t\t\t<div class=\"elementor-element elementor-element-9fd9fe7 elementor-button-success elementor-align-center elementor-widget elementor-widget-button\" data-id=\"9fd9fe7\" data-element_type=\"widget\" data-widget_type=\"button.default\">\n\t\t\t\t<div class=\"elementor-widget-container\">\n\t\t\t\t\t<div class=\"elementor-button-wrapper\">\n\t\t\t<a href=\"https:\/\/tierphysio.andreadetjen.de\/?page_id=101\" class=\"elementor-button-link elementor-button elementor-size-lg\" role=\"button\">\n\t\t\t\t\t\t<span class=\"elementor-button-content-wrapper\">\n\t\t\t\t\t\t<span class=\"elementor-button-text\">Seminare & Workshops<\/span>\n\t\t<\/span>\n\t\t\t\t\t<\/a>\n\t\t<\/div>\n\t\t\t\t<\/div>\n\t\t\t\t<\/div>\n\t\t\t\t\t\t<\/div>\n\t\t\t\t\t<\/div>\n\t\t<\/div>\n\t\t\t\t\t\t\t\t<\/div>\n\t\t\t\t\t<\/div>\n\t\t<\/section>\n\t\t\t\t<section class=\"elementor-section elementor-top-section elementor-element elementor-element-f9cf58a elementor-section-boxed elementor-section-height-default elementor-section-height-default\" data-id=\"f9cf58a\" data-element_type=\"section\">\n\t\t\t\t\t\t<div class=\"elementor-container elementor-column-gap-default\">\n\t\t\t\t\t\t\t<div class=\"elementor-row\">\n\t\t\t\t\t<div class=\"elementor-column elementor-col-100 elementor-top-column elementor-element elementor-element-bb1131c\" data-id=\"bb1131c\" data-element_type=\"column\">\n\t\t\t<div class=\"elementor-column-wrap elementor-element-populated\">\n\t\t\t\t\t\t\t<div class=\"elementor-widget-wrap\">\n\t\t\t\t\t\t<div class=\"elementor-element elementor-element-cd599d1 elementor-widget elementor-widget-spacer\" data-id=\"cd599d1\" data-element_type=\"widget\" data-widget_type=\"spacer.default\">\n\t\t\t\t<div class=\"elementor-widget-container\">\n\t\t\t\t\t<div class=\"elementor-spacer\">\n\t\t\t<div class=\"elementor-spacer-inner\"><\/div>\n\t\t<\/div>\n\t\t\t\t<\/div>\n\t\t\t\t<\/div>\n\t\t\t\t\t\t<\/div>\n\t\t\t\t\t<\/div>\n\t\t<\/div>\n\t\t\t\t\t\t\t\t<\/div>\n\t\t\t\t\t<\/div>\n\t\t<\/section>\n\t\t\t\t<section class=\"elementor-section elementor-top-section elementor-element elementor-element-863cfdc elementor-section-boxed elementor-section-height-default elementor-section-height-default\" data-id=\"863cfdc\" data-element_type=\"section\">\n\t\t\t\t\t\t<div class=\"elementor-container elementor-column-gap-default\">\n\t\t\t\t\t\t\t<div class=\"elementor-row\">\n\t\t\t\t\t<div class=\"elementor-column elementor-col-100 elementor-top-column elementor-element elementor-element-17edfef\" data-id=\"17edfef\" data-element_type=\"column\">\n\t\t\t<div class=\"elementor-column-wrap\">\n\t\t\t\t\t\t\t<div class=\"elementor-widget-wrap\">\n\t\t\t\t\t\t\t\t<\/div>\n\t\t\t\t\t<\/div>\n\t\t<\/div>\n\t\t\t\t\t\t\t\t<\/div>\n\t\t\t\t\t<\/div>\n\t\t<\/section>\n\t\t\t\t\t\t\t\t\t<\/div>\n\t\t\t<\/div>\n\t\t\t\t\t<\/div>\n\t\t","protected":false},"excerpt":{"rendered":"<p>VORSORGE STATT SORGE F\u00dcR IHR TIER Lassen Sie uns gemeinsam einen Weg finden, Ihr Tier zu unterst\u00fctzen und zu f\u00f6rdern Damit Sie zusammen mit Ihrem Tier aktiv und voller Lebensfreude durchs Leben gehen k\u00f6nnen Erfahrt mehr \u00fcber mich und mein Angebot. Tierphysiotherapie , Tierkommunikation und Massagen f\u00fcr Dich und Dein Tier\u00a0 Facebook Whatsapp Mehr Informationen [&hellip;]<\/p>\n","protected":false},"author":1,"featured_media":0,"parent":0,"menu_order":0,"comment_status":"closed","ping_status":"closed","template":"elementor_header_footer","meta":[],"_links":{"self":[{"href":"https:\/\/tierphysio.andreadetjen.de\/index.php?rest_route=\/wp\/v2\/pages\/227"}],"collection":[{"href":"https:\/\/tierphysio.andreadetjen.de\/index.php?rest_route=\/wp\/v2\/pages"}],"about":[{"href":"https:\/\/tierphysio.andreadetjen.de\/index.php?rest_route=\/wp\/v2\/types\/page"}],"author":[{"embeddable":true,"href":"https:\/\/tierphysio.andreadetjen.de\/index.php?rest_route=\/wp\/v2\/users\/1"}],"replies":[{"embeddable":true,"href":"https:\/\/tierphysio.andreadetjen.de\/index.php?rest_route=%2Fwp%2Fv2%2Fcomments&post=227"}],"version-history":[{"count":42,"href":"https:\/\/tierphysio.andreadetjen.de\/index.php?rest_route=\/wp\/v2\/pages\/227\/revisions"}],"predecessor-version":[{"id":419,"href":"https:\/\/tierphysio.andreadetjen.de\/index.php?rest_route=\/wp\/v2\/pages\/227\/revisions\/419"}],"wp:attachment":[{"href":"https:\/\/tierphysio.andreadetjen.de\/index.php?rest_route=%2Fwp%2Fv2%2Fmedia&parent=227"}],"curies":[{"name":"wp","href":"https:\/\/api.w.org\/{rel}","templated":true}]}}