{"id":68,"date":"2019-02-24T13:57:54","date_gmt":"2019-02-24T13:57:54","guid":{"rendered":"http:\/\/tierphysio.andreadetjen.de\/?page_id=68"},"modified":"2020-02-14T08:37:22","modified_gmt":"2020-02-14T08:37:22","slug":"tierkommunikation","status":"publish","type":"page","link":"https:\/\/tierphysio.andreadetjen.de\/?page_id=68","title":{"rendered":"TIERKOMMUNIKATION"},"content":{"rendered":"\t\t<div data-elementor-type=\"wp-post\" data-elementor-id=\"68\" class=\"elementor elementor-68\">\n\t\t\t\t\t\t<div class=\"elementor-inner\">\n\t\t\t\t<div class=\"elementor-section-wrap\">\n\t\t\t\t\t\t\t\t\t<section class=\"elementor-section elementor-top-section elementor-element elementor-element-7d2eaef elementor-section-boxed elementor-section-height-default elementor-section-height-default\" data-id=\"7d2eaef\" data-element_type=\"section\">\n\t\t\t\t\t\t<div class=\"elementor-container elementor-column-gap-default\">\n\t\t\t\t\t\t\t<div class=\"elementor-row\">\n\t\t\t\t\t<div class=\"elementor-column elementor-col-100 elementor-top-column elementor-element elementor-element-2f78aa7\" data-id=\"2f78aa7\" data-element_type=\"column\">\n\t\t\t<div class=\"elementor-column-wrap elementor-element-populated\">\n\t\t\t\t\t\t\t<div class=\"elementor-widget-wrap\">\n\t\t\t\t\t\t<div class=\"elementor-element elementor-element-7c02b05 elementor-widget elementor-widget-text-editor\" data-id=\"7c02b05\" data-element_type=\"widget\" data-widget_type=\"text-editor.default\">\n\t\t\t\t<div class=\"elementor-widget-container\">\n\t\t\t\t\t\t\t\t<div class=\"elementor-text-editor elementor-clearfix\">\n\t\t\t\t<p class=\"Standard\" style=\"text-align: left;\" align=\"center\"><span style=\"font-size: 16.0pt;\">Vielleicht kennst Du diese Situation , in der man ratlos vor seinen Tier steht. Sei es bei Krankheit, auff\u00e4lligem Verhalten oder witzigem Verhalten.<\/span><\/p><p class=\"Standard\" style=\"text-align: left;\" align=\"center\"><span style=\"font-size: 16.0pt;\">Durch\u00a0 Tierkommunikation kannst Du erfahren, wie es deinem Tier dabei wirklich geht. Liegt vielleicht nur ein Missverst\u00e4ndnis vor oder wird dringend Unterst\u00fctzung ben\u00f6tigt?<\/span><\/p><p class=\"Standard\" style=\"text-align: left;\" align=\"center\"><span style=\"font-size: 16.0pt;\">Auch bei Ver\u00e4nderungen wie einem Umzug, einem Stallwechsel oder neuen Familienmitgliedern ist Tierkommunikation hilfreich. <\/span><span style=\"font-size: 16.0pt;\">Durch meine Ausbildung zur Tierphysiotherapeutin und Tierheilerin, kann ich Dir und Deinem Tier eine sehr gute Unterst\u00fctzung anbieten.<br \/><\/span><span style=\"font-size: 16pt;\">Selbst in heiklen Situationen kann ich mit Quantenheilung, Einhandruten , schamanischen Reisen und systemischen Aufstellungen Beistand leisten.<br \/><\/span><span style=\"font-size: 16.0pt;\">Die Tierkommunikation verl\u00e4uft gew\u00f6hnlich am Telefon, im Live Chat oder per Protokoll mit anschlie\u00dfender Besprechung.<\/span><\/p><p class=\"Standard\" style=\"text-align: left;\" align=\"center\"><span style=\"font-size: 16.0pt;\">Du hast freie Wahl.<\/span><\/p><p class=\"Standard\" style=\"text-align: left;\" align=\"center\"><span style=\"font-size: 16.0pt;\">F\u00fcr die Kontaktaufnahme mit deinen Tier ben\u00f6tige ich einfach ein schlichtes Foto. Es ist nicht wichtig, ob die Augen zu sehen sind oder ob es sich um ein aktuelles Bild handelt.<\/span><\/p><p class=\"Standard\" style=\"text-align: left;\" align=\"center\"><span style=\"font-size: 16.0pt;\"><a href=\"https:\/\/tierphysio.andreadetjen.de\/?page_id=131\">Hier<\/a> findest Du meine Angebote, bei Fragen stehe ich Dir jederzeit zu Verf\u00fcgung .<\/span><\/p><p class=\"Standard\" style=\"text-align: left;\" align=\"center\"><span style=\"font-size: 16.0pt;\">Du hast mehrere Tiere denen es meiner Aufmerksamkeit bedarf ?<\/span><\/p><p class=\"Standard\" style=\"text-align: left;\" align=\"center\"><span style=\"font-size: 16.0pt;\">Gerne unterbreite ich Dir ein individuelles Angebot.<\/span><\/p>\t\t\t\t\t<\/div>\n\t\t\t\t\t\t<\/div>\n\t\t\t\t<\/div>\n\t\t\t\t\t\t<\/div>\n\t\t\t\t\t<\/div>\n\t\t<\/div>\n\t\t\t\t\t\t\t\t<\/div>\n\t\t\t\t\t<\/div>\n\t\t<\/section>\n\t\t\t\t<section class=\"elementor-section elementor-top-section elementor-element elementor-element-593e3bb elementor-section-boxed elementor-section-height-default elementor-section-height-default\" data-id=\"593e3bb\" data-element_type=\"section\">\n\t\t\t\t\t\t<div class=\"elementor-container elementor-column-gap-default\">\n\t\t\t\t\t\t\t<div class=\"elementor-row\">\n\t\t\t\t\t<div class=\"elementor-column elementor-col-100 elementor-top-column elementor-element elementor-element-63591de\" data-id=\"63591de\" data-element_type=\"column\">\n\t\t\t<div class=\"elementor-column-wrap elementor-element-populated\">\n\t\t\t\t\t\t\t<div class=\"elementor-widget-wrap\">\n\t\t\t\t\t\t<div class=\"elementor-element elementor-element-cb3383e elementor-widget-divider--view-line elementor-widget elementor-widget-divider\" data-id=\"cb3383e\" data-element_type=\"widget\" data-widget_type=\"divider.default\">\n\t\t\t\t<div class=\"elementor-widget-container\">\n\t\t\t\t\t<div class=\"elementor-divider\">\n\t\t\t<span class=\"elementor-divider-separator\">\n\t\t\t\t\t\t<\/span>\n\t\t<\/div>\n\t\t\t\t<\/div>\n\t\t\t\t<\/div>\n\t\t\t\t\t\t<\/div>\n\t\t\t\t\t<\/div>\n\t\t<\/div>\n\t\t\t\t\t\t\t\t<\/div>\n\t\t\t\t\t<\/div>\n\t\t<\/section>\n\t\t\t\t<section class=\"elementor-section elementor-top-section elementor-element elementor-element-9000194 elementor-section-boxed elementor-section-height-default elementor-section-height-default\" data-id=\"9000194\" data-element_type=\"section\">\n\t\t\t\t\t\t<div class=\"elementor-container elementor-column-gap-default\">\n\t\t\t\t\t\t\t<div class=\"elementor-row\">\n\t\t\t\t\t<div class=\"elementor-column elementor-col-100 elementor-top-column elementor-element elementor-element-e832cf2\" data-id=\"e832cf2\" data-element_type=\"column\">\n\t\t\t<div class=\"elementor-column-wrap\">\n\t\t\t\t\t\t\t<div class=\"elementor-widget-wrap\">\n\t\t\t\t\t\t\t\t<\/div>\n\t\t\t\t\t<\/div>\n\t\t<\/div>\n\t\t\t\t\t\t\t\t<\/div>\n\t\t\t\t\t<\/div>\n\t\t<\/section>\n\t\t\t\t<section class=\"elementor-section elementor-top-section elementor-element elementor-element-598d55e elementor-section-boxed elementor-section-height-default elementor-section-height-default\" data-id=\"598d55e\" data-element_type=\"section\">\n\t\t\t\t\t\t<div class=\"elementor-container elementor-column-gap-default\">\n\t\t\t\t\t\t\t<div class=\"elementor-row\">\n\t\t\t\t\t<div class=\"elementor-column elementor-col-100 elementor-top-column elementor-element elementor-element-24de587\" data-id=\"24de587\" data-element_type=\"column\">\n\t\t\t<div class=\"elementor-column-wrap elementor-element-populated\">\n\t\t\t\t\t\t\t<div class=\"elementor-widget-wrap\">\n\t\t\t\t\t\t<div class=\"elementor-element elementor-element-49eecc6 elementor-widget-divider--view-line elementor-widget elementor-widget-divider\" data-id=\"49eecc6\" data-element_type=\"widget\" data-widget_type=\"divider.default\">\n\t\t\t\t<div class=\"elementor-widget-container\">\n\t\t\t\t\t<div class=\"elementor-divider\">\n\t\t\t<span class=\"elementor-divider-separator\">\n\t\t\t\t\t\t<\/span>\n\t\t<\/div>\n\t\t\t\t<\/div>\n\t\t\t\t<\/div>\n\t\t\t\t\t\t<\/div>\n\t\t\t\t\t<\/div>\n\t\t<\/div>\n\t\t\t\t\t\t\t\t<\/div>\n\t\t\t\t\t<\/div>\n\t\t<\/section>\n\t\t\t\t<section class=\"elementor-section elementor-top-section elementor-element elementor-element-dffc271 elementor-section-boxed elementor-section-height-default elementor-section-height-default\" data-id=\"dffc271\" data-element_type=\"section\">\n\t\t\t\t\t\t<div class=\"elementor-container elementor-column-gap-default\">\n\t\t\t\t\t\t\t<div class=\"elementor-row\">\n\t\t\t\t\t<div class=\"elementor-column elementor-col-100 elementor-top-column elementor-element elementor-element-b2e246d\" data-id=\"b2e246d\" data-element_type=\"column\">\n\t\t\t<div class=\"elementor-column-wrap elementor-element-populated\">\n\t\t\t\t\t\t\t<div class=\"elementor-widget-wrap\">\n\t\t\t\t\t\t<div class=\"elementor-element elementor-element-86c4c5d elementor-widget elementor-widget-alert\" data-id=\"86c4c5d\" data-element_type=\"widget\" data-widget_type=\"alert.default\">\n\t\t\t\t<div class=\"elementor-widget-container\">\n\t\t\t\t\t<div class=\"elementor-alert elementor-alert-info\" role=\"alert\">\n\t\t\t<span class=\"elementor-alert-title\">Hinweis<\/span>\n\t\t\t\t\t\t\t<span class=\"elementor-alert-description\">Tierphysiotherapie \/ Tierkommunikation und \/ oder energetische Heilmethoden sind kein Ersatz f\u00fcr eine tier\u00e4rztliche Diagnose, Behandlung oder Heilkunde im gesetzlichen Sinne.<\/span>\n\t\t\t\t\t\t\t\t\t\t<button type=\"button\" class=\"elementor-alert-dismiss\">\n\t\t\t\t\t<span aria-hidden=\"true\">&times;<\/span>\n\t\t\t\t\t<span class=\"elementor-screen-only\">Warnung verwerfen<\/span>\n\t\t\t\t<\/button>\n\t\t\t\t\t<\/div>\n\t\t\t\t<\/div>\n\t\t\t\t<\/div>\n\t\t\t\t\t\t<\/div>\n\t\t\t\t\t<\/div>\n\t\t<\/div>\n\t\t\t\t\t\t\t\t<\/div>\n\t\t\t\t\t<\/div>\n\t\t<\/section>\n\t\t\t\t\t\t\t\t\t<\/div>\n\t\t\t<\/div>\n\t\t\t\t\t<\/div>\n\t\t","protected":false},"excerpt":{"rendered":"<p>Vielleicht kennst Du diese Situation , in der man ratlos vor seinen Tier steht. Sei es bei Krankheit, auff\u00e4lligem Verhalten oder witzigem Verhalten. Durch\u00a0 Tierkommunikation kannst Du erfahren, wie es deinem Tier dabei wirklich geht. Liegt vielleicht nur ein Missverst\u00e4ndnis vor oder wird dringend Unterst\u00fctzung ben\u00f6tigt? Auch bei Ver\u00e4nderungen wie einem Umzug, einem Stallwechsel oder [&hellip;]<\/p>\n","protected":false},"author":1,"featured_media":0,"parent":0,"menu_order":0,"comment_status":"closed","ping_status":"closed","template":"page-templates\/page_fullwidth.php","meta":[],"_links":{"self":[{"href":"https:\/\/tierphysio.andreadetjen.de\/index.php?rest_route=\/wp\/v2\/pages\/68"}],"collection":[{"href":"https:\/\/tierphysio.andreadetjen.de\/index.php?rest_route=\/wp\/v2\/pages"}],"about":[{"href":"https:\/\/tierphysio.andreadetjen.de\/index.php?rest_route=\/wp\/v2\/types\/page"}],"author":[{"embeddable":true,"href":"https:\/\/tierphysio.andreadetjen.de\/index.php?rest_route=\/wp\/v2\/users\/1"}],"replies":[{"embeddable":true,"href":"https:\/\/tierphysio.andreadetjen.de\/index.php?rest_route=%2Fwp%2Fv2%2Fcomments&post=68"}],"version-history":[{"count":12,"href":"https:\/\/tierphysio.andreadetjen.de\/index.php?rest_route=\/wp\/v2\/pages\/68\/revisions"}],"predecessor-version":[{"id":373,"href":"https:\/\/tierphysio.andreadetjen.de\/index.php?rest_route=\/wp\/v2\/pages\/68\/revisions\/373"}],"wp:attachment":[{"href":"https:\/\/tierphysio.andreadetjen.de\/index.php?rest_route=%2Fwp%2Fv2%2Fmedia&parent=68"}],"curies":[{"name":"wp","href":"https:\/\/api.w.org\/{rel}","templated":true}]}}