{"id":83,"date":"2019-02-24T13:59:35","date_gmt":"2019-02-24T13:59:35","guid":{"rendered":"http:\/\/tierphysio.andreadetjen.de\/?page_id=83"},"modified":"2021-01-23T12:48:15","modified_gmt":"2021-01-23T12:48:15","slug":"pferde","status":"publish","type":"page","link":"https:\/\/tierphysio.andreadetjen.de\/?page_id=83","title":{"rendered":"PFERDE"},"content":{"rendered":"\t\t<div data-elementor-type=\"wp-post\" data-elementor-id=\"83\" class=\"elementor elementor-83\">\n\t\t\t\t\t\t<div class=\"elementor-inner\">\n\t\t\t\t<div class=\"elementor-section-wrap\">\n\t\t\t\t\t\t\t\t\t<section class=\"elementor-section elementor-top-section elementor-element elementor-element-f10ad2f elementor-section-boxed elementor-section-height-default elementor-section-height-default\" data-id=\"f10ad2f\" data-element_type=\"section\">\n\t\t\t\t\t\t<div class=\"elementor-container elementor-column-gap-default\">\n\t\t\t\t\t\t\t<div class=\"elementor-row\">\n\t\t\t\t\t<div class=\"elementor-column elementor-col-100 elementor-top-column elementor-element elementor-element-aef5929\" data-id=\"aef5929\" data-element_type=\"column\">\n\t\t\t<div class=\"elementor-column-wrap elementor-element-populated\">\n\t\t\t\t\t\t\t<div class=\"elementor-widget-wrap\">\n\t\t\t\t\t\t<div class=\"elementor-element elementor-element-50bb041 elementor-widget elementor-widget-heading\" data-id=\"50bb041\" data-element_type=\"widget\" data-widget_type=\"heading.default\">\n\t\t\t\t<div class=\"elementor-widget-container\">\n\t\t\t<h2 class=\"elementor-heading-title elementor-size-default\">Mobilit\u00e4t und Lebensfreude f\u00fcr Ihr Pferd<\/h2>\t\t<\/div>\n\t\t\t\t<\/div>\n\t\t\t\t\t\t<\/div>\n\t\t\t\t\t<\/div>\n\t\t<\/div>\n\t\t\t\t\t\t\t\t<\/div>\n\t\t\t\t\t<\/div>\n\t\t<\/section>\n\t\t\t\t<section class=\"elementor-section elementor-top-section elementor-element elementor-element-c622ef2 elementor-section-boxed elementor-section-height-default elementor-section-height-default\" data-id=\"c622ef2\" data-element_type=\"section\">\n\t\t\t\t\t\t<div class=\"elementor-container elementor-column-gap-default\">\n\t\t\t\t\t\t\t<div class=\"elementor-row\">\n\t\t\t\t\t<div class=\"elementor-column elementor-col-100 elementor-top-column elementor-element elementor-element-5d473ca\" data-id=\"5d473ca\" data-element_type=\"column\">\n\t\t\t<div class=\"elementor-column-wrap elementor-element-populated\">\n\t\t\t\t\t\t\t<div class=\"elementor-widget-wrap\">\n\t\t\t\t\t\t<div class=\"elementor-element elementor-element-8bf68c2 elementor-widget-divider--view-line elementor-widget elementor-widget-divider\" data-id=\"8bf68c2\" data-element_type=\"widget\" data-widget_type=\"divider.default\">\n\t\t\t\t<div class=\"elementor-widget-container\">\n\t\t\t\t\t<div class=\"elementor-divider\">\n\t\t\t<span class=\"elementor-divider-separator\">\n\t\t\t\t\t\t<\/span>\n\t\t<\/div>\n\t\t\t\t<\/div>\n\t\t\t\t<\/div>\n\t\t\t\t\t\t<\/div>\n\t\t\t\t\t<\/div>\n\t\t<\/div>\n\t\t\t\t\t\t\t\t<\/div>\n\t\t\t\t\t<\/div>\n\t\t<\/section>\n\t\t\t\t<section class=\"elementor-section elementor-top-section elementor-element elementor-element-a3bf479 elementor-section-boxed elementor-section-height-default elementor-section-height-default\" data-id=\"a3bf479\" data-element_type=\"section\">\n\t\t\t\t\t\t<div class=\"elementor-container elementor-column-gap-default\">\n\t\t\t\t\t\t\t<div class=\"elementor-row\">\n\t\t\t\t\t<div class=\"elementor-column elementor-col-100 elementor-top-column elementor-element elementor-element-29d82f6\" data-id=\"29d82f6\" data-element_type=\"column\">\n\t\t\t<div class=\"elementor-column-wrap elementor-element-populated\">\n\t\t\t\t\t\t\t<div class=\"elementor-widget-wrap\">\n\t\t\t\t\t\t<div class=\"elementor-element elementor-element-9540c83 elementor-widget elementor-widget-text-editor\" data-id=\"9540c83\" data-element_type=\"widget\" data-widget_type=\"text-editor.default\">\n\t\t\t\t<div class=\"elementor-widget-container\">\n\t\t\t\t\t\t\t\t<div class=\"elementor-text-editor elementor-clearfix\">\n\t\t\t\t<p>Bei den Menschen ist die Physiotherapie jedem bekannt, aber auch Pferde k\u00f6nnen Schmerzen und Probleme haben, die den Bewegungsapparat betreffen. Die sanften Methoden zur Pr\u00e4vention und Rehabilitation sind inzwischen deshalb auch in der Pferdewelt auf dem Vormarsch.<br \/><br \/>Die meisten zu behandelnden Erkrankungen betreffen auch bei Pferden vor allem Muskeln, Sehnen, Gelenke sowie die Wirbels\u00e4ule. Auch sie nehmen bei Schmerzen Schonhaltungen ein, die Verspannungen, Muskelschwund, Verk\u00fcrzungen der Sehnen,<br \/><br \/>\u00dcberbelastung anderer K\u00f6rperteile und auch Lahmheiten zur Folge haben k\u00f6nnen. Die Pferdephysiotherapie setzt hier gezielt an, so dass Erkrankungen und Schmerzen behandelt und dauerhaft gelindert werden k\u00f6nnen.<br \/><br \/>Als Pferdephysiotherapeutin habe ich dabei nicht nur das Symptom, sondern den gesamten Patienten im Blick und arbeite deshalb mit Ihnen und mit Ihrem Tierarzt eng zusammen. <br \/>Denn Sie sollten wissen: <span class=\"StrongEmphasis\">Pferdephysiotherapie ist immer eine begleitende Therapie zur Veterin\u00e4rmedizin und ersetzt nicht den Gang zum Arzt.<\/span> Au\u00dferdem ist mir der Austausch mit Sattlern und Schmieden sehr wichtig. Generell lass ich mir viel Zeit f\u00fcr Ihr Pferd um individuell beraten zu k\u00f6nnen und zu behandeln .<br \/><br \/>Die Behandlungen finden im Stall statt. Die gewohnte Umgebung f\u00f6rdert die Entspannung und wirkt sich positiv auf den\u00a0 Genesungsfortschritt aus. F\u00fcr ein gesundes Pferd!<br \/><br \/>Ihr Pferd\u00a0 ist \u00fcberhaupt nicht krank? Umso besser! Aber vielleicht wollen Sie Ihm einfach mal so zwischendurch etwas Gutes tun und ihm eine Wellness-Stunde g\u00f6nnen.<br \/><br \/>Gerne stehe ich Ihnen mit Rat und Tat zur Seite<br \/><br \/>Eure Andrea Detjen<\/p>\t\t\t\t\t<\/div>\n\t\t\t\t\t\t<\/div>\n\t\t\t\t<\/div>\n\t\t\t\t\t\t<\/div>\n\t\t\t\t\t<\/div>\n\t\t<\/div>\n\t\t\t\t\t\t\t\t<\/div>\n\t\t\t\t\t<\/div>\n\t\t<\/section>\n\t\t\t\t<section class=\"elementor-section elementor-top-section elementor-element elementor-element-238d1e5 elementor-section-boxed elementor-section-height-default elementor-section-height-default\" data-id=\"238d1e5\" data-element_type=\"section\">\n\t\t\t\t\t\t<div class=\"elementor-container elementor-column-gap-default\">\n\t\t\t\t\t\t\t<div class=\"elementor-row\">\n\t\t\t\t\t<div class=\"elementor-column elementor-col-100 elementor-top-column elementor-element elementor-element-e196159\" data-id=\"e196159\" data-element_type=\"column\">\n\t\t\t<div class=\"elementor-column-wrap elementor-element-populated\">\n\t\t\t\t\t\t\t<div class=\"elementor-widget-wrap\">\n\t\t\t\t\t\t<div class=\"elementor-element elementor-element-f165086 elementor-widget-divider--view-line elementor-widget elementor-widget-divider\" data-id=\"f165086\" data-element_type=\"widget\" data-widget_type=\"divider.default\">\n\t\t\t\t<div class=\"elementor-widget-container\">\n\t\t\t\t\t<div class=\"elementor-divider\">\n\t\t\t<span class=\"elementor-divider-separator\">\n\t\t\t\t\t\t<\/span>\n\t\t<\/div>\n\t\t\t\t<\/div>\n\t\t\t\t<\/div>\n\t\t\t\t\t\t<\/div>\n\t\t\t\t\t<\/div>\n\t\t<\/div>\n\t\t\t\t\t\t\t\t<\/div>\n\t\t\t\t\t<\/div>\n\t\t<\/section>\n\t\t\t\t<section class=\"elementor-section elementor-top-section elementor-element elementor-element-df42774 elementor-section-boxed elementor-section-height-default elementor-section-height-default\" data-id=\"df42774\" data-element_type=\"section\">\n\t\t\t\t\t\t<div class=\"elementor-container elementor-column-gap-default\">\n\t\t\t\t\t\t\t<div class=\"elementor-row\">\n\t\t\t\t\t<div class=\"elementor-column elementor-col-100 elementor-top-column elementor-element elementor-element-f618763\" data-id=\"f618763\" data-element_type=\"column\">\n\t\t\t<div class=\"elementor-column-wrap elementor-element-populated\">\n\t\t\t\t\t\t\t<div class=\"elementor-widget-wrap\">\n\t\t\t\t\t\t<div class=\"elementor-element elementor-element-80bfdaa elementor-arrows-position-inside elementor-pagination-position-outside elementor-widget elementor-widget-image-carousel\" data-id=\"80bfdaa\" data-element_type=\"widget\" data-settings=\"{&quot;navigation&quot;:&quot;both&quot;,&quot;autoplay&quot;:&quot;yes&quot;,&quot;pause_on_hover&quot;:&quot;yes&quot;,&quot;pause_on_interaction&quot;:&quot;yes&quot;,&quot;autoplay_speed&quot;:5000,&quot;infinite&quot;:&quot;yes&quot;,&quot;speed&quot;:500}\" data-widget_type=\"image-carousel.default\">\n\t\t\t\t<div class=\"elementor-widget-container\">\n\t\t\t\t\t<div class=\"elementor-image-carousel-wrapper swiper-container\" dir=\"ltr\">\n\t\t\t<div class=\"elementor-image-carousel swiper-wrapper\">\n\t\t\t\t\t\t\t\t<div class=\"swiper-slide\"><figure class=\"swiper-slide-inner\"><img decoding=\"async\" class=\"swiper-slide-image\" src=\"https:\/\/tierphysio.andreadetjen.de\/wp-content\/uploads\/2021\/01\/D6700894-AD29-49AE-9FDB-89BA92CB5852-550x400.jpg\" alt=\"D6700894-AD29-49AE-9FDB-89BA92CB5852\" \/><\/figure><\/div><div class=\"swiper-slide\"><figure class=\"swiper-slide-inner\"><img decoding=\"async\" class=\"swiper-slide-image\" src=\"https:\/\/tierphysio.andreadetjen.de\/wp-content\/uploads\/2019\/04\/DSC02364-550x400.jpg\" alt=\"DSC02364\" \/><\/figure><\/div><div class=\"swiper-slide\"><figure class=\"swiper-slide-inner\"><img decoding=\"async\" class=\"swiper-slide-image\" src=\"https:\/\/tierphysio.andreadetjen.de\/wp-content\/uploads\/2021\/01\/E19773DA-DADA-4F05-95B4-1B5CD13CC575-550x400.jpg\" alt=\"E19773DA-DADA-4F05-95B4-1B5CD13CC575\" \/><\/figure><\/div><div class=\"swiper-slide\"><figure class=\"swiper-slide-inner\"><img decoding=\"async\" class=\"swiper-slide-image\" src=\"https:\/\/tierphysio.andreadetjen.de\/wp-content\/uploads\/2019\/04\/DSC02416-550x400.jpg\" alt=\"DSC02416\" \/><\/figure><\/div><div class=\"swiper-slide\"><figure class=\"swiper-slide-inner\"><img decoding=\"async\" class=\"swiper-slide-image\" src=\"https:\/\/tierphysio.andreadetjen.de\/wp-content\/uploads\/2021\/01\/A67C7E36-D1FF-475E-BE33-0CE341266AC4-550x400.jpg\" alt=\"A67C7E36-D1FF-475E-BE33-0CE341266AC4\" \/><\/figure><\/div><div class=\"swiper-slide\"><figure class=\"swiper-slide-inner\"><img decoding=\"async\" class=\"swiper-slide-image\" src=\"https:\/\/tierphysio.andreadetjen.de\/wp-content\/uploads\/2019\/04\/DSC02367-550x400.jpg\" alt=\"DSC02367\" \/><\/figure><\/div>\t\t\t<\/div>\n\t\t\t\t\t\t\t\t\t\t\t\t<div class=\"swiper-pagination\"><\/div>\n\t\t\t\t\t\t\t\t\t\t\t\t\t<div class=\"elementor-swiper-button elementor-swiper-button-prev\">\n\t\t\t\t\t\t<i aria-hidden=\"true\" class=\"eicon-chevron-left\"><\/i>\t\t\t\t\t\t<span class=\"elementor-screen-only\">Zur\u00fcck<\/span>\n\t\t\t\t\t<\/div>\n\t\t\t\t\t<div class=\"elementor-swiper-button elementor-swiper-button-next\">\n\t\t\t\t\t\t<i aria-hidden=\"true\" class=\"eicon-chevron-right\"><\/i>\t\t\t\t\t\t<span class=\"elementor-screen-only\">Weiter<\/span>\n\t\t\t\t\t<\/div>\n\t\t\t\t\t\t\t\t\t<\/div>\n\t\t\t\t<\/div>\n\t\t\t\t<\/div>\n\t\t\t\t\t\t<\/div>\n\t\t\t\t\t<\/div>\n\t\t<\/div>\n\t\t\t\t\t\t\t\t<\/div>\n\t\t\t\t\t<\/div>\n\t\t<\/section>\n\t\t\t\t\t\t\t\t\t<\/div>\n\t\t\t<\/div>\n\t\t\t\t\t<\/div>\n\t\t","protected":false},"excerpt":{"rendered":"<p>Mobilit\u00e4t und Lebensfreude f\u00fcr Ihr Pferd Bei den Menschen ist die Physiotherapie jedem bekannt, aber auch Pferde k\u00f6nnen Schmerzen und Probleme haben, die den Bewegungsapparat betreffen. Die sanften Methoden zur Pr\u00e4vention und Rehabilitation sind inzwischen deshalb auch in der Pferdewelt auf dem Vormarsch. Die meisten zu behandelnden Erkrankungen betreffen auch bei Pferden vor allem Muskeln, [&hellip;]<\/p>\n","protected":false},"author":1,"featured_media":0,"parent":0,"menu_order":0,"comment_status":"closed","ping_status":"closed","template":"page-templates\/page_fullwidth.php","meta":[],"_links":{"self":[{"href":"https:\/\/tierphysio.andreadetjen.de\/index.php?rest_route=\/wp\/v2\/pages\/83"}],"collection":[{"href":"https:\/\/tierphysio.andreadetjen.de\/index.php?rest_route=\/wp\/v2\/pages"}],"about":[{"href":"https:\/\/tierphysio.andreadetjen.de\/index.php?rest_route=\/wp\/v2\/types\/page"}],"author":[{"embeddable":true,"href":"https:\/\/tierphysio.andreadetjen.de\/index.php?rest_route=\/wp\/v2\/users\/1"}],"replies":[{"embeddable":true,"href":"https:\/\/tierphysio.andreadetjen.de\/index.php?rest_route=%2Fwp%2Fv2%2Fcomments&post=83"}],"version-history":[{"count":10,"href":"https:\/\/tierphysio.andreadetjen.de\/index.php?rest_route=\/wp\/v2\/pages\/83\/revisions"}],"predecessor-version":[{"id":428,"href":"https:\/\/tierphysio.andreadetjen.de\/index.php?rest_route=\/wp\/v2\/pages\/83\/revisions\/428"}],"wp:attachment":[{"href":"https:\/\/tierphysio.andreadetjen.de\/index.php?rest_route=%2Fwp%2Fv2%2Fmedia&parent=83"}],"curies":[{"name":"wp","href":"https:\/\/api.w.org\/{rel}","templated":true}]}}